{"id":72,"date":"2021-03-23T19:28:09","date_gmt":"2021-03-23T19:28:09","guid":{"rendered":"https:\/\/jocsiesports.com\/?page_id=72"},"modified":"2025-06-17T19:56:24","modified_gmt":"2025-06-17T19:56:24","slug":"paintball-adulto","status":"publish","type":"page","link":"https:\/\/jocsiesports.com\/?page_id=72","title":{"rendered":"PAINTBALL ADULTO"},"content":{"rendered":"\n<section id=\"section-b3e644da-ac90-46f1-8452-40bb109a4bed\" class=\"wp-block-gutentor-about-block gutentor-section gutentor-about about-template4\"><div class=\"grid-container\"><div class=\"gutentor-grid-item-wrap\"><div class=\"gutentor-single-item\"><div class=\"grid-row\"><div class=\"grid-md-6 about-grid\"><div class=\"gutentor-single-item-content\"><div class=\"gutentor-about-content\"><h3 class=\"gutentor-single-item-title\">\u00bfQUIERES SENTIR EL IMPACTO?<\/h3><p class=\"gutentor-single-item-desc\"> <br>Si tienes mas de 14 a\u00f1os, ven a JOCS I ESPORTS a jugar\u00a0 Paintball.<br>Podr\u00e9is desarrollar la estrategia y la comunicaci\u00f3n entre los miembros de tu equipo.\u00a0<br><br>Ven a probar nuestros\u00a0 cinco\u00a0 Super\u00a0 Mapas con diferentes escenarios, tem\u00e1ticas y juegos diferentes.<br><br>Tiene el equilibrio perfecto con diversi\u00f3n y seguridad, nuestro principal objetivo es que la actividad sea una experiencia para repetir. <\/p><\/div><\/div><\/div><div class=\"grid-md-6 about-grid\"><div class=\"gutentor-single-item-image-box\"><div class=\"gutentor-image-thumb\"><img decoding=\"async\" class=\"normal-image lazyload\" data-src=\"https:\/\/jocsiesports.com\/wp-content\/uploads\/2024\/08\/IMG_20240621_120624-3.jpg\" alt=\"\" height=\"1803\" width=\"2160\" src=\"data:image\/svg+xml;base64,PHN2ZyB3aWR0aD0iMSIgaGVpZ2h0PSIxIiB4bWxucz0iaHR0cDovL3d3dy53My5vcmcvMjAwMC9zdmciPjwvc3ZnPg==\" style=\"--smush-placeholder-width: 2160px; --smush-placeholder-aspect-ratio: 2160\/1803;\" \/><\/div><\/div><\/div><\/div><\/div><\/div><\/div><\/section>\n\n\n\n<section id=\"section-0a6ff248-79f2-40ab-9d61-690e4b9ff9ef\" class=\"wp-block-gutentor-about-block gutentor-section gutentor-about about-template1\"><div class=\"grid-container\"><div class=\"gutentor-grid-item-wrap\"><div class=\"gutentor-single-item\"><div class=\"grid-row\"><div class=\"grid-md-6 about-grid\"><div class=\"gutentor-single-item-image-box\"><div class=\"gutentor-image-thumb\"><img decoding=\"async\" class=\"normal-image lazyload\" data-src=\"https:\/\/jocsiesports.com\/wp-content\/uploads\/2024\/08\/IMG_20240418_120642-1-scaled-e1723913164315.jpg\" alt=\"\" height=\"1258\" width=\"1399\" src=\"data:image\/svg+xml;base64,PHN2ZyB3aWR0aD0iMSIgaGVpZ2h0PSIxIiB4bWxucz0iaHR0cDovL3d3dy53My5vcmcvMjAwMC9zdmciPjwvc3ZnPg==\" style=\"--smush-placeholder-width: 1399px; --smush-placeholder-aspect-ratio: 1399\/1258;\" \/><\/div><\/div><\/div><div class=\"grid-md-6 about-grid\"><div class=\"gutentor-single-item-content\"><div class=\"gutentor-about-content\"><h3 class=\"gutentor-single-item-title\">NUESTRAS MARCADORAS<\/h3><p class=\"gutentor-single-item-desc\">Nuestras\u00a0marcadoras de Paintball son de \u00faltima\u00a0generaci\u00f3n, <br>\u00ablow impact\u00bb,\u00a0 solo utilizamos la marca Tippmann.\u00a0<br><br>Son m\u00e1s ligeras construidas con el cuerpo en aluminio.\u00a0<br><br>Al utilizar una bola de menor tama\u00f1o el dolor es menor\u00a0 <br>y al tener un ca\u00f1\u00f3n m\u00e1s largo las bolas llegan m\u00e1s lejos y <br>m\u00e1s rectas. <br>Se utiliza aire comprimido para disparar.\u00a0<br><\/p><\/div><\/div><\/div><\/div><\/div><\/div><\/div><\/section>\n\n\n\n<div id=\"section-g1bb3a8\" class=\"wp-block-gutentor-e1 section-g1bb3a8 gutentor-element gutentor-element-advanced-text text-align-center-desktop\"><div class=\"gutentor-text-wrap\"><p class=\"gutentor-text\">P\u00e1sate lo&nbsp;bien sin necesidad de hacerte da\u00f1o. A que esperas para divertirte?<\/p><\/div><\/div>\n\n\n\n<p><\/p>\n\n\n\n<div id=\"section-g8e07e4\" class=\"wp-block-gutentor-e1 section-g8e07e4 gutentor-element gutentor-element-advanced-text\"><div class=\"gutentor-text-wrap\"><p class=\"gutentor-text\">LOS PRECIOS DE PAINTBALL ADULTO<\/p><\/div><\/div>\n\n\n\n<section id=\"section-8fbfc008-aa4c-4eca-8905-01b8a8d58d74\" class=\"wp-block-gutentor-pricing gutentor-section pricing-wrapper pricing-template1\"><div class=\"grid-container\"><div class=\"grid-row gutentor-grid-item-wrap\"><div class=\"gutentor-grid-column grid-lg-4 grid-md-4 grid-12\"><div class=\"gutentor-single-item pricing gutentor-single-item-0\"><div class=\"gutentor-single-item-content\"><div class=\"pricing-header\"><p class=\"gutentor-single-item-subtitle\"> <a href=\"https:\/\/jocsiesports.com\/?page_id=9\" data-type=\"URL\" data-id=\"https:\/\/jocsiesports.com\/?page_id=9\" target=\"_blank\" rel=\"noreferrer noopener\"><strong>RESERVAR<\/strong><\/a><br><br>PRO<\/p><h3 class=\"gutentor-single-item-title\">250 Bolas<\/h3><\/div><span class=\"pricing-amount-wrap\"><span class=\"pricing-amount\"><span class=\"pricing-price\">22\u20ac<\/span><\/span><\/span><div class=\"pricing-content\"><p class=\"gutentor-single-item-desc\">Duraci\u00f3n aprox. 2h<br><br> \u00b7 Marcadora Tippman<br>\u00b7 M\u00e1scara V-Force<br>\u00b7 Mono completo<br>\u00b7 Chaleco protector<br>\u00b7 Guantes<br>\u00b7 Monitor Experimentado<br>\u00b7 Exclusividad de campo<\/p><\/div><\/div><\/div><\/div><div class=\"gutentor-grid-column grid-lg-4 grid-md-4 grid-12\"><div class=\"gutentor-single-item pricing gutentor-single-item-1\"><div class=\"gutentor-single-item-content\"><div class=\"pricing-header\"><p class=\"gutentor-single-item-subtitle\"><a href=\"https:\/\/jocsiesports.com\/?page_id=9\" data-type=\"URL\" data-id=\"https:\/\/jocsiesports.com\/?page_id=9\" target=\"_blank\" rel=\"noreferrer noopener\"><strong>RESERVAR<\/strong><br><\/a><br>ELITE<\/p><h3 class=\"gutentor-single-item-title\">500 Bolas<\/h3><\/div><span class=\"pricing-amount-wrap\"><span class=\"pricing-amount\"><span class=\"pricing-price\">32\u20ac<\/span><\/span><\/span><div class=\"pricing-content\"><p class=\"gutentor-single-item-desc\"> Duraci\u00f3n aprox. 3h <br><br> \u00b7 Marcadora Tippman<br>\u00b7 M\u00e1scara V-Force<br>\u00b7 Mono completo<br>\u00b7 Chaleco protector<br>\u00b7 Guantes<br>\u00b7 Monitor Experimentado<br>\u00b7 Exclusividad de campo <\/p><\/div><\/div><\/div><\/div><div class=\"gutentor-grid-column grid-lg-4 grid-md-4 grid-12\"><div class=\"gutentor-single-item pricing gutentor-single-item-2\"><div class=\"gutentor-single-item-content\"><div class=\"pricing-header\"><p class=\"gutentor-single-item-subtitle\"> <a href=\"https:\/\/jocsiesports.com\/?page_id=9\" data-type=\"URL\" data-id=\"https:\/\/jocsiesports.com\/?page_id=9\" target=\"_blank\" rel=\"noreferrer noopener\"><strong>RESERVAR<\/strong><\/a><br><br>RECARGAS<\/p><h3 class=\"gutentor-single-item-title\">125 Bolas<\/h3><\/div><span class=\"pricing-amount-wrap\"><span class=\"pricing-amount\"><span class=\"pricing-price\">7\u20ac<\/span><\/span><\/span><div class=\"pricing-content\"><p class=\"gutentor-single-item-desc\">_____________________<br> <br>Puedes recargar 125 Bolas por 7 \u20ac m\u00e1s, las veces que quieras. <\/p><\/div><\/div><\/div><\/div><\/div><\/div><\/section>\n\n\n\n<div id=\"section-ge81aed\" class=\"wp-block-gutentor-e1 section-ge81aed gutentor-element gutentor-element-advanced-text\"><div class=\"gutentor-text-wrap\"><p class=\"gutentor-text\"><\/p><\/div><\/div>\n\n\n\n<div id=\"section-g339f64\" class=\"wp-block-gutentor-e1 section-g339f64 gutentor-element gutentor-element-advanced-text text-align-center-desktop\"><div class=\"gutentor-text-wrap\"><p class=\"gutentor-text\">M\u00ednimo 10 participantes<\/p><\/div><\/div>\n\n\n\n<p style=\"font-size:20px\"><\/p>\n\n\n\n<div id=\"section-gf64544\" class=\"wp-block-gutentor-e1 section-gf64544 gutentor-element gutentor-element-advanced-text\"><div class=\"gutentor-text-wrap\"><p class=\"gutentor-text\">Nuestro mono es integral, es decir, te cubre el cuerpo entero,&nbsp;adem\u00e1s de tener un alza cuello que esta acolchado, que te&nbsp;protege la zona del cuello sin problema.<br>El chaleco protector, se lo damos tanto a hombres como a mujeres.<br><br>Las equipaciones, se lavan y se desinfectan, despu\u00e9s de cada uso.<\/p><\/div><\/div>\n\n\n\n<div id=\"section-g3b2546\" class=\"wp-block-gutentor-e1 section-g3b2546 gutentor-element gutentor-element-advanced-text text-align-center-desktop\"><div class=\"gutentor-text-wrap\"><a class=\"gutentor-element-advanced-text-link\" href=\"https:\/\/jocsiesports.com\/?page_id=94\" target=\"_blank\" rel=\" noopener noreferrer\"><p class=\"gutentor-text\"><br>Tambi\u00e9n disponemos de un men\u00fa de picoteo para adultos, en celebraciones.<\/p><\/a><\/div><\/div>\n\n\n\n<div id=\"section-g0d2c86\" class=\"wp-block-gutentor-e1 section-g0d2c86 gutentor-element gutentor-element-advanced-text text-align-center-desktop\"><div class=\"gutentor-text-wrap\"><p class=\"gutentor-text\">Reserva ya tu partida a Paintball! D\u00e9janos tus datos y para cuando quieres hacer la partida y nos pondremos en contacto contigo.<\/p><\/div><\/div>\n\n\n\n<p><\/p>\n\n\n\n<section id=\"section-88e20632-c9f1-46ed-a8dc-93bc6fc3c184\" class=\"wp-block-gutentor-notification gutentor-section gutentor-notification\"><div class=\"grid-container\"><div class=\"gutentor-grid-item-wrap gutentor-notification-wrap gutentor-notification-success\"><div class=\"gutentor-single-item\"><div class=\"gutentor-single-item-content\"><h3 class=\"gutentor-single-item-title\">A tener en cuenta!<\/h3><p class=\"gutentor-single-item-desc\"><br>&#8211; Para hacer efectiva la reserva, tendr\u00e1s que hacer un Bizum\/Transferencia, al numero que te indiquemos<br>&#8211; Ten\u00e9is que estar en las instalaciones entre 15 \/ 30 min antes de la hora de la actividad<br>&#8211; El pago se realizar\u00e1 en efectivo en las instalaciones<br>&#8211; No esta permitida la entrada de comida ni bebida al recinto.<br><br>&#8211; <strong>Cambio de fecha:<\/strong> Se deber\u00e1 avisar con una antelaci\u00f3n de 48h a la fecha de la actividad.<br>&#8211; <strong>Devoluci\u00f3n paga y se\u00f1al:<\/strong> Esta ser\u00e1 devuelta, si se avisa con un m\u00ednimo de 48h a la fecha de la actividad.<br>&#8211; <strong>En caso de lluvia:<\/strong> Se cambiar\u00e1 la fecha de la actividad a otro d\u00eda.<\/p><\/div><\/div><\/div><\/div><\/section>\n\n\n\n<div id=\"section-g0ee614\" class=\"wp-block-gutentor-e1 section-g0ee614 gutentor-element gutentor-element-advanced-text\"><div class=\"gutentor-text-wrap\"><p class=\"gutentor-text\"><\/p><\/div><\/div>\n\n\n\n<div id=\"section-g84edb9\" class=\"wp-block-gutentor-e1 section-g84edb9 gutentor-element gutentor-element-advanced-text\"><div class=\"gutentor-text-wrap\"><p class=\"gutentor-text\">OTROS CLIENTES TAMBI\u00c9N VISITARON<\/p><\/div><\/div>\n\n\n\n<div id=\"section-gb63497\" class=\"wp-block-gutentor-e0 section-gb63497 gutentor-element gutentor-element-advanced-text\"><div class=\"gutentor-text-wrap\"><p class=\"gutentor-text\"><\/p><\/div><\/div>\n\n\n\n<div class=\"wp-block-group\"><div class=\"wp-block-group__inner-container is-layout-constrained wp-block-group-is-layout-constrained\">\n<div class=\"wp-block-columns is-layout-flex wp-container-core-columns-is-layout-9d6595d7 wp-block-columns-is-layout-flex\">\n<div class=\"wp-block-column is-layout-flow wp-block-column-is-layout-flow\" style=\"flex-basis:100%\">\n<section id=\"gma3fbcbe\" class=\"wp-block-gutentor-m2 section-gma3fbcbe gutentor-module gutentor-dynamic-columns\"><div class=\"grid-container\"><div class=\"grid-row\">\n<div id=\"col-gm52838b\" class=\"wp-block-gutentor-m2-col col-gm52838b gutentor-module gutentor-dynamic-single-column grid-lg-4 grid-md-4 grid-12\"><div id=\"section-gm52838b\" class=\"section-gm52838b gutentor-single-col\">\n<div id=\"section-ge03386\" class=\"wp-block-gutentor-e6 section-ge03386 gutentor-element gutentor-element-image\"><div class=\"gutentor-element-image-box\"><a class=\"gutentor-element-image-link\" href=\"https:\/\/jocsiesports.com\/?page_id=76\" target=\"_blank\" rel=\" noopener noreferrer\"><div class=\"gutentor-image-thumb\"><img decoding=\"async\" class=\"normal-image lazyload\" data-src=\"https:\/\/jocsiesports.com\/wp-content\/uploads\/2023\/01\/1668966240605.jpg\" alt=\"gente_marcadoras\" src=\"data:image\/svg+xml;base64,PHN2ZyB3aWR0aD0iMSIgaGVpZ2h0PSIxIiB4bWxucz0iaHR0cDovL3d3dy53My5vcmcvMjAwMC9zdmciPjwvc3ZnPg==\" style=\"--smush-placeholder-width: 480px; --smush-placeholder-aspect-ratio: 480\/270;\" \/><\/div><\/a><\/div><\/div>\n\n\n\n<p><\/p>\n\n\n\n<div id=\"section-gf05dd5\" class=\"wp-block-gutentor-e1 section-gf05dd5 gutentor-element gutentor-element-advanced-text text-align-center-desktop\"><div class=\"gutentor-text-wrap\"><a class=\"gutentor-element-advanced-text-link\" href=\"https:\/\/jocsiesports.com\/wp-admin\/post.php?post=74&amp;action=edit\" target=\"_blank\" rel=\" noopener noreferrer\"><p class=\"gutentor-text\">LASER COMBAT ADULTO<\/p><\/a><\/div><\/div>\n<\/div><\/div>\n\n\n\n<div id=\"col-gm8eee7c\" class=\"wp-block-gutentor-m2-col col-gm8eee7c gutentor-module gutentor-dynamic-single-column grid-lg-4 grid-md-4 grid-12\"><div id=\"section-gm8eee7c\" class=\"section-gm8eee7c gutentor-single-col\">\n<div id=\"section-gd8eae6\" class=\"wp-block-gutentor-e6 section-gd8eae6 gutentor-element gutentor-element-image\"><div class=\"gutentor-element-image-box\"><a class=\"gutentor-element-image-link\" href=\"https:\/\/jocsiesports.com\/?page_id=84\" target=\"_blank\" rel=\" noopener noreferrer\"><div class=\"gutentor-image-thumb\"><img decoding=\"async\" class=\"normal-image lazyload\" data-src=\"https:\/\/jocsiesports.com\/wp-content\/uploads\/2021\/07\/IMG_20210613_115724-scaled-e1720021095736-300x181.jpg\" alt=\"adultos_jugando\" src=\"data:image\/svg+xml;base64,PHN2ZyB3aWR0aD0iMSIgaGVpZ2h0PSIxIiB4bWxucz0iaHR0cDovL3d3dy53My5vcmcvMjAwMC9zdmciPjwvc3ZnPg==\" style=\"--smush-placeholder-width: 300px; --smush-placeholder-aspect-ratio: 300\/181;\" \/><\/div><\/a><\/div><\/div>\n\n\n\n<p><\/p>\n\n\n\n<div id=\"section-g86eed4\" class=\"wp-block-gutentor-e1 section-g86eed4 gutentor-element gutentor-element-advanced-text text-align-center-desktop\"><div class=\"gutentor-text-wrap\"><a class=\"gutentor-element-advanced-text-link\" href=\"https:\/\/jocsiesports.com\/?page_id=84\" target=\"_blank\" rel=\" noopener noreferrer\"><p class=\"gutentor-text\">GINCANA ADULTO<\/p><\/a><\/div><\/div>\n<\/div><\/div>\n\n\n\n<div id=\"col-gm1bb1d2\" class=\"wp-block-gutentor-m2-col col-gm1bb1d2 gutentor-module gutentor-dynamic-single-column grid-lg-4 grid-md-4 grid-12\"><div id=\"section-gm1bb1d2\" class=\"section-gm1bb1d2 gutentor-single-col\">\n<div id=\"section-gff67aa\" class=\"wp-block-gutentor-e6 section-gff67aa gutentor-element gutentor-element-image\"><div class=\"gutentor-element-image-box\"><a class=\"gutentor-element-image-link\" href=\"https:\/\/jocsiesports.com\/?page_id=2488\" target=\"_blank\" rel=\" noopener noreferrer\"><div class=\"gutentor-image-thumb\"><img decoding=\"async\" class=\"normal-image lazyload\" data-src=\"https:\/\/jocsiesports.com\/wp-content\/uploads\/2024\/07\/gelsoft-e1720021358486.jpg\" alt=\"GELSFOT ADULTO\" src=\"data:image\/svg+xml;base64,PHN2ZyB3aWR0aD0iMSIgaGVpZ2h0PSIxIiB4bWxucz0iaHR0cDovL3d3dy53My5vcmcvMjAwMC9zdmciPjwvc3ZnPg==\" style=\"--smush-placeholder-width: 2152px; --smush-placeholder-aspect-ratio: 2152\/1398;\" \/><\/div><\/a><\/div><\/div>\n\n\n\n<p><\/p>\n\n\n\n<div id=\"section-g8faafb\" class=\"wp-block-gutentor-e1 section-g8faafb gutentor-element gutentor-element-advanced-text text-align-center-desktop\"><div class=\"gutentor-text-wrap\"><a class=\"gutentor-element-advanced-text-link\" href=\"https:\/\/jocsiesports.com\/wp-admin\/post.php?post=74&amp;action=edit\" target=\"_blank\" rel=\" noopener noreferrer\"><p class=\"gutentor-text\">GEL SOFT ADULTO<\/p><\/a><\/div><\/div>\n<\/div><\/div>\n<\/div><\/div><\/section>\n<\/div>\n<\/div>\n<\/div><\/div>\n\n\n\n<p><\/p>\n\n\n\n<div id=\"section-g8565f4\" class=\"wp-block-gutentor-e1 section-g8565f4 gutentor-element gutentor-element-advanced-text\"><div class=\"gutentor-text-wrap\"><p class=\"gutentor-text\">HORARIO Y PARTICIPANTES<\/p><\/div><\/div>\n\n\n\n<section id=\"section-5dbb1101-3e00-458f-a8dc-6fee21ec9e0a\" class=\"wp-block-gutentor-opening-hours gutentor-section gutentor-opening-hours opening-hours-template1\"><div class=\"grid-container\"><div class=\"gutentor-block-header\"><div class=\"gutentor-section-title text-left\"><h2 class=\"gutentor-title\"><\/h2><\/div><\/div><div class=\"gutentor-grid-item-wrap\"><div class=\"gutentor-opening-hours-box\"><ul class=\"gutentor-opening-hours-wrapper\"><li class=\"gutentor-single-item gutentor-single-item-0\"><div class=\"gutentor-opening-hours-content\"><h3 class=\"gutentor-single-item-title\">De Lunes a S\u00e1bado (Horario Verano 15 Marzo-15 octubre)<\/h3><div class=\"gutentor-opening-hours-time-wrap\"><p class=\"gutentor-single-item-opening\">De 10h a 13.30h. -16h a 19:30h<\/p><\/div><\/div><\/li><li class=\"gutentor-single-item gutentor-single-item-1\"><div class=\"gutentor-opening-hours-content\"><h3 class=\"gutentor-single-item-title\">Domingos<\/h3><div class=\"gutentor-opening-hours-time-wrap\"><p class=\"gutentor-single-item-opening\">De 10h a 13.30h.<\/p><\/div><\/div><\/li><li class=\"gutentor-single-item gutentor-single-item-2\"><div class=\"gutentor-opening-hours-content\"><h3 class=\"gutentor-single-item-title\">De Lunes a Domingo ( Horario Invierno 16 Octubre -14 Marzo)<\/h3><div class=\"gutentor-opening-hours-time-wrap\"><p class=\"gutentor-single-item-opening\">De 10h a 13.30h.<\/p><\/div><\/div><\/li><li class=\"gutentor-single-item gutentor-single-item-3\"><div class=\"gutentor-opening-hours-content\"><h3 class=\"gutentor-single-item-title\">Julio y Agosto<\/h3><div class=\"gutentor-opening-hours-time-wrap\"><p class=\"gutentor-single-item-opening\">10h a 13.30h.<\/p><\/div><\/div><\/li><li class=\"gutentor-single-item gutentor-single-item-4\"><div class=\"gutentor-opening-hours-content\"><h3 class=\"gutentor-single-item-title\">El m\u00ednimo de participantes ser\u00e1 de 10.<\/h3><div class=\"gutentor-opening-hours-time-wrap\"><p class=\"gutentor-single-item-opening\"><\/p><\/div><\/div><\/li><\/ul><\/div><\/div><\/div><\/section>\n\n\n\n<p><\/p>\n\n\n\n<section id=\"gmb4702af\" class=\"wp-block-gutentor-m4 section-gmb4702af gutentor-module gutentor-advanced-columns has-color-bg has-custom-bg\"><div class=\"grid-container\"><div class=\"grid-row\">\n<div id=\"col-gm8f6596\" class=\"wp-block-gutentor-m4-col col-gm8f6596 gutentor-single-column  grid-lg-4 grid-md-12 grid-12\"><div id=\"section-gm8f6596\" class=\"section-gm8f6596 gutentor-col-wrap\">\n<div id=\"section-g04fde7\" class=\"wp-block-gutentor-e1 section-g04fde7 gutentor-element gutentor-element-advanced-text\"><div class=\"gutentor-text-wrap\"><p class=\"gutentor-text\"><strong>Tel\u00e9fono:&nbsp;<br><\/strong>647 40 66 94 &#8211; 647 40 66 92<\/p><\/div><\/div>\n<\/div><\/div>\n\n\n\n<div id=\"col-gm4005bf\" class=\"wp-block-gutentor-m4-col col-gm4005bf gutentor-single-column  grid-lg-4 grid-md-12 grid-12\"><div id=\"section-gm4005bf\" class=\"section-gm4005bf gutentor-col-wrap\">\n<div id=\"section-g2614ff\" class=\"wp-block-gutentor-e1 section-g2614ff gutentor-element gutentor-element-advanced-text\"><div class=\"gutentor-text-wrap\"><p class=\"gutentor-text\"><strong>Email:<br><\/strong><a href=\"mailto:reservas%40jocsiesports.com?subject=Informaci%C3%B3n%20%2F%20Reserva&amp;body=Informaci%C3%B3n%20%2F%20Reserva\">reservas@jocsiesports.com<\/a><\/p><\/div><\/div>\n<\/div><\/div>\n\n\n\n<div id=\"col-gm0aecfa\" class=\"wp-block-gutentor-m4-col col-gm0aecfa gutentor-single-column  grid-lg-4 grid-md-12 grid-12\"><div id=\"section-gm0aecfa\" class=\"section-gm0aecfa gutentor-col-wrap\">\n<div id=\"section-g55d8f8\" class=\"wp-block-gutentor-e1 section-g55d8f8 gutentor-element gutentor-element-advanced-text\"><div class=\"gutentor-text-wrap\"><p class=\"gutentor-text\"><strong>Direcci\u00f3n:&nbsp;<\/strong><br>Google Maps: Jocs i Esports <br><br>A 20km de Barcelona<strong><br><\/strong><\/p><\/div><\/div>\n<\/div><\/div>\n<\/div><\/div><\/section>\n\n\n\n<p><\/p>\n\n\n\n<section id=\"gma03a821\" class=\"wp-block-gutentor-m4 section-gma03a821 gutentor-module gutentor-advanced-columns has-color-bg has-custom-bg\"><div class=\"grid-container\"><div class=\"grid-row\">\n<div id=\"col-gm8c48af\" class=\"wp-block-gutentor-m4-col col-gm8c48af gutentor-single-column  grid-lg-3 grid-md-12 grid-12\"><div id=\"section-gm8c48af\" class=\"section-gm8c48af gutentor-col-wrap\">\n<div id=\"section-g9e6014\" class=\"wp-block-gutentor-e6 section-g9e6014 gutentor-element gutentor-element-image gutentor-enabled-width text-align-center-desktop\"><div class=\"gutentor-element-image-box\"><a class=\"gutentor-element-image-link\" href=\"https:\/\/www.instagram.com\/jocs_i_esports\/?hl=es\" target=\"_blank\" rel=\" noopener noreferrer\"><div class=\"gutentor-image-thumb\"><img decoding=\"async\" class=\"normal-image lazyload\" data-src=\"https:\/\/jocsiesports.com\/wp-content\/uploads\/2022\/01\/logo-insta-ok-150x150.jpg\" alt=\"logo\" src=\"data:image\/svg+xml;base64,PHN2ZyB3aWR0aD0iMSIgaGVpZ2h0PSIxIiB4bWxucz0iaHR0cDovL3d3dy53My5vcmcvMjAwMC9zdmciPjwvc3ZnPg==\" style=\"--smush-placeholder-width: 150px; --smush-placeholder-aspect-ratio: 150\/150;\" \/><\/div><\/a><\/div><\/div>\n<\/div><\/div>\n\n\n\n<div id=\"col-gm38c26c\" class=\"wp-block-gutentor-m4-col col-gm38c26c gutentor-single-column  grid-lg-3 grid-md-12 grid-12\"><div id=\"section-gm38c26c\" class=\"section-gm38c26c gutentor-col-wrap\">\n<div id=\"section-gd00337\" class=\"wp-block-gutentor-e6 section-gd00337 gutentor-element gutentor-element-image gutentor-enabled-width text-align-center-desktop\"><div class=\"gutentor-element-image-box\"><a class=\"gutentor-element-image-link\" href=\"https:\/\/www.facebook.com\/jocsiesports\" target=\"_blank\" rel=\" noopener noreferrer\"><div class=\"gutentor-image-thumb\"><img decoding=\"async\" class=\"normal-image lazyload\" data-src=\"https:\/\/jocsiesports.com\/wp-content\/uploads\/2022\/01\/logo-facebook-ok-150x150.jpg\" alt=\"logo\" src=\"data:image\/svg+xml;base64,PHN2ZyB3aWR0aD0iMSIgaGVpZ2h0PSIxIiB4bWxucz0iaHR0cDovL3d3dy53My5vcmcvMjAwMC9zdmciPjwvc3ZnPg==\" style=\"--smush-placeholder-width: 150px; --smush-placeholder-aspect-ratio: 150\/150;\" \/><\/div><\/a><\/div><\/div>\n<\/div><\/div>\n\n\n\n<div id=\"col-gme0b89f\" class=\"wp-block-gutentor-m4-col col-gme0b89f gutentor-single-column  grid-lg-3 grid-md-12 grid-12\"><div id=\"section-gme0b89f\" class=\"section-gme0b89f gutentor-col-wrap\">\n<div id=\"section-gfc2a71\" class=\"wp-block-gutentor-e6 section-gfc2a71 gutentor-element gutentor-element-image gutentor-enabled-width text-align-center-desktop\"><div class=\"gutentor-element-image-box\"><a class=\"gutentor-element-image-link\" href=\"https:\/\/www.tiktok.com\/@jocsiesports?lang=es\" target=\"_blank\" rel=\" noopener noreferrer\"><div class=\"gutentor-image-thumb\"><img decoding=\"async\" class=\"normal-image lazyload\" data-src=\"https:\/\/jocsiesports.com\/wp-content\/uploads\/2022\/01\/tik-tok-ok-150x150.jpg\" src=\"data:image\/svg+xml;base64,PHN2ZyB3aWR0aD0iMSIgaGVpZ2h0PSIxIiB4bWxucz0iaHR0cDovL3d3dy53My5vcmcvMjAwMC9zdmciPjwvc3ZnPg==\" style=\"--smush-placeholder-width: 150px; --smush-placeholder-aspect-ratio: 150\/150;\" \/><\/div><\/a><\/div><\/div>\n<\/div><\/div>\n\n\n\n<div id=\"col-gm8f7c24\" class=\"wp-block-gutentor-m4-col col-gm8f7c24 gutentor-single-column  grid-lg-3 grid-md-12 grid-12\"><div id=\"section-gm8f7c24\" class=\"section-gm8f7c24 gutentor-col-wrap\">\n<div id=\"section-g130e02\" class=\"wp-block-gutentor-e6 section-g130e02 gutentor-element gutentor-element-image gutentor-enabled-width text-align-center-desktop\"><div class=\"gutentor-element-image-box\"><a class=\"gutentor-element-image-link\" href=\"https:\/\/www.youtube.com\/channel\/UCfHtURlDV6QtGsoHv4zE83Q\" target=\"_blank\" rel=\" noopener noreferrer\"><div class=\"gutentor-image-thumb\"><img decoding=\"async\" class=\"normal-image lazyload\" data-src=\"https:\/\/jocsiesports.com\/wp-content\/uploads\/2022\/01\/logo-youtube.jpg\" src=\"data:image\/svg+xml;base64,PHN2ZyB3aWR0aD0iMSIgaGVpZ2h0PSIxIiB4bWxucz0iaHR0cDovL3d3dy53My5vcmcvMjAwMC9zdmciPjwvc3ZnPg==\" style=\"--smush-placeholder-width: 269px; --smush-placeholder-aspect-ratio: 269\/188;\" \/><\/div><\/a><\/div><\/div>\n<\/div><\/div>\n<\/div><\/div><\/section>\n\n\n","protected":false},"excerpt":{"rendered":"","protected":false},"author":1,"featured_media":0,"parent":0,"menu_order":0,"comment_status":"closed","ping_status":"closed","template":"","meta":{"footnotes":""},"class_list":["post-72","page","type-page","status-publish","hentry"],"_links":{"self":[{"href":"https:\/\/jocsiesports.com\/index.php?rest_route=\/wp\/v2\/pages\/72","targetHints":{"allow":["GET"]}}],"collection":[{"href":"https:\/\/jocsiesports.com\/index.php?rest_route=\/wp\/v2\/pages"}],"about":[{"href":"https:\/\/jocsiesports.com\/index.php?rest_route=\/wp\/v2\/types\/page"}],"author":[{"embeddable":true,"href":"https:\/\/jocsiesports.com\/index.php?rest_route=\/wp\/v2\/users\/1"}],"replies":[{"embeddable":true,"href":"https:\/\/jocsiesports.com\/index.php?rest_route=%2Fwp%2Fv2%2Fcomments&post=72"}],"version-history":[{"count":132,"href":"https:\/\/jocsiesports.com\/index.php?rest_route=\/wp\/v2\/pages\/72\/revisions"}],"predecessor-version":[{"id":2726,"href":"https:\/\/jocsiesports.com\/index.php?rest_route=\/wp\/v2\/pages\/72\/revisions\/2726"}],"wp:attachment":[{"href":"https:\/\/jocsiesports.com\/index.php?rest_route=%2Fwp%2Fv2%2Fmedia&parent=72"}],"curies":[{"name":"wp","href":"https:\/\/api.w.org\/{rel}","templated":true}]}}