{"id":76,"date":"2021-03-23T19:29:11","date_gmt":"2021-03-23T19:29:11","guid":{"rendered":"https:\/\/jocsiesports.com\/?page_id=76"},"modified":"2025-06-17T19:58:04","modified_gmt":"2025-06-17T19:58:04","slug":"laser-combat-adulto","status":"publish","type":"page","link":"https:\/\/jocsiesports.com\/?page_id=76","title":{"rendered":"LASER COMBAT ADULTO"},"content":{"rendered":"\n<section id=\"section-2a5021d1-b968-4a0c-929a-6b493575dc54\" class=\"wp-block-gutentor-about-block gutentor-section gutentor-about about-template4\"><div class=\"grid-container\"><div class=\"gutentor-grid-item-wrap\"><div class=\"gutentor-single-item\"><div class=\"grid-row\"><div class=\"grid-md-6 about-grid\"><div class=\"gutentor-single-item-content\"><div class=\"gutentor-about-content\"><h3 class=\"gutentor-single-item-title\">VIVE UNA EXPERIENCIA UNICA JUGANDO AL LASER COMBAT<\/h3><p class=\"gutentor-single-item-desc\">Ven a participar en una divertida e inofensiva batalla de L\u00e1ser\u00a0 <br>Tag en versi\u00f3n Combat. <br>Con este juego b\u00e9lico, podr\u00e9is disfrutar de la adrenalina del <br>campo de batalla, sin correr ning\u00fan tipo de riesgo. <br><br>Es una actividad de grupo que integra diversi\u00f3n, amistad, y <br>trabajo en equipo. <br>Ven y prueba los cinco Super Mapas de Jocs i Esports.<br><br>Ideal para grupos de amigos y familias multi-edad ( a partir <br>de 5 a\u00f1os) que quieran participar\u00a0 juntos!\u00a0<\/p><\/div><\/div><\/div><div class=\"grid-md-6 about-grid\"><div class=\"gutentor-single-item-image-box\"><div class=\"gutentor-image-thumb\"><img decoding=\"async\" class=\"normal-image lazyload\" data-src=\"https:\/\/jocsiesports.com\/wp-content\/uploads\/2024\/08\/IMG_20240811_110032-1.jpg\" alt=\"\" height=\"1790\" width=\"1954\" src=\"data:image\/svg+xml;base64,PHN2ZyB3aWR0aD0iMSIgaGVpZ2h0PSIxIiB4bWxucz0iaHR0cDovL3d3dy53My5vcmcvMjAwMC9zdmciPjwvc3ZnPg==\" style=\"--smush-placeholder-width: 1954px; --smush-placeholder-aspect-ratio: 1954\/1790;\" \/><\/div><\/div><\/div><\/div><\/div><\/div><\/div><\/section>\n\n\n\n<section id=\"section-d3dd603b-7a13-4d54-bb1e-4f0f4aa1c4b4\" class=\"wp-block-gutentor-about-block gutentor-section gutentor-about about-template1\"><div class=\"grid-container\"><div class=\"gutentor-grid-item-wrap\"><div class=\"gutentor-single-item\"><div class=\"grid-row\"><div class=\"grid-md-6 about-grid\"><div class=\"gutentor-single-item-image-box\"><div class=\"gutentor-image-thumb\"><img decoding=\"async\" class=\"normal-image lazyload\" data-src=\"https:\/\/jocsiesports.com\/wp-content\/uploads\/2024\/08\/1713460712757.jpg\" alt=\"MARCADORA\" height=\"1800\" width=\"2552\" src=\"data:image\/svg+xml;base64,PHN2ZyB3aWR0aD0iMSIgaGVpZ2h0PSIxIiB4bWxucz0iaHR0cDovL3d3dy53My5vcmcvMjAwMC9zdmciPjwvc3ZnPg==\" style=\"--smush-placeholder-width: 2552px; --smush-placeholder-aspect-ratio: 2552\/1800;\" \/><\/div><\/div><\/div><div class=\"grid-md-6 about-grid\"><div class=\"gutentor-single-item-content\"><div class=\"gutentor-about-content\"><h3 class=\"gutentor-single-item-title\">NUESTROS EQUIPOS DE LASER COMBAT<\/h3><p class=\"gutentor-single-item-desc\">Son r\u00e9plicas del modelo ruso MP9LT Fenix.<br><br>Su sistema inal\u00e1mbrico permite total libertad de movimientos. Disponen de mira telesc\u00f3pica (red point) y un alcance superior <br>a 150 metros.\u00a0<br>Tiene modo de disparo, metralleta o tiro a tiro.\u00a0<br><br>Su gran ventaja, no dispara ning\u00fan proyectil, solo rayos infrarrojos.<br><br>Ven a pas\u00e1rtelo bien con nuestro L\u00e1ser Tag versi\u00f3n Combat.<\/p><\/div><\/div><\/div><\/div><\/div><\/div><\/div><\/section>\n\n\n\n<div id=\"section-gc715a0\" class=\"wp-block-gutentor-e1 section-gc715a0 gutentor-element gutentor-element-advanced-text\"><div class=\"gutentor-text-wrap\"><p class=\"gutentor-text\">LOS PRECIOS PARA LASER COMBAT (+14 a\u00f1os)<\/p><\/div><\/div>\n\n\n\n<section id=\"section-96555a56-bde2-455f-9fc7-a80866731250\" class=\"wp-block-gutentor-pricing gutentor-section pricing-wrapper pricing-template1\"><div class=\"grid-container\"><div class=\"grid-row gutentor-grid-item-wrap\"><div class=\"gutentor-grid-column grid-lg-3 grid-md-4 grid-12\"><div class=\"gutentor-single-item pricing gutentor-single-item-0\"><div class=\"gutentor-single-item-content\"><div class=\"pricing-header\"><p class=\"gutentor-single-item-subtitle\"> <a href=\"https:\/\/jocsiesports.com\/?page_id=9\" data-type=\"URL\" data-id=\"https:\/\/jocsiesports.com\/?page_id=9\" target=\"_blank\" rel=\"noreferrer noopener\"><strong>RESERVAR<\/strong><\/a><br><br>ALFA<\/p><\/div><span class=\"pricing-amount-wrap\"><span class=\"pricing-amount\"><span class=\"pricing-price\">21\u20ac<\/span><\/span><\/span><div class=\"pricing-content\"><p class=\"gutentor-single-item-desc\">Duraci\u00f3n aprox. 1h<br><br>\u00b7 Marcadora MP9LT Fenix<br>\u00b7 Sensores cabeza<br>\u00b7 Peto color<br>\u00b7 Monitor Experimentado<br> \u00b7 Explicaci\u00f3n actividad <br>\u00b7 Exclusividad de campo<\/p><\/div><\/div><\/div><\/div><div class=\"gutentor-grid-column grid-lg-3 grid-md-4 grid-12\"><div class=\"gutentor-single-item pricing gutentor-single-item-1\"><div class=\"gutentor-single-item-content\"><div class=\"pricing-header\"><p class=\"gutentor-single-item-subtitle\"> <a href=\"https:\/\/jocsiesports.com\/?page_id=9\" data-type=\"URL\" data-id=\"https:\/\/jocsiesports.com\/?page_id=9\" target=\"_blank\" rel=\"noreferrer noopener\"><strong>RESERVAR<\/strong><\/a><br><br>BETA<\/p><\/div><span class=\"pricing-amount-wrap\"><span class=\"pricing-amount\"><span class=\"pricing-price\">26\u20ac<\/span><\/span><\/span><div class=\"pricing-content\"><p class=\"gutentor-single-item-desc\">Duraci\u00f3n aprox. 1:30h<br><br> \u00b7 Marcadora MP9LT Fenix<br>\u00b7 Sensores cabeza<br>\u00b7 Peto color <br>\u00b7 Monitor Experimentado<br> \u00b7 Explicaci\u00f3n actividad <br>\u00b7 Exclusividad de campo<\/p><\/div><\/div><\/div><\/div><div class=\"gutentor-grid-column grid-lg-3 grid-md-4 grid-12\"><div class=\"gutentor-single-item pricing gutentor-single-item-2\"><div class=\"gutentor-single-item-content\"><div class=\"pricing-header\"><p class=\"gutentor-single-item-subtitle\"><a href=\"https:\/\/jocsiesports.com\/?page_id=9\" data-type=\"URL\" data-id=\"https:\/\/jocsiesports.com\/?page_id=9\" target=\"_blank\" rel=\"noreferrer noopener\"><strong>RESERVAR<\/strong><br><\/a><br>OMEGA<\/p><\/div><span class=\"pricing-amount-wrap\"><span class=\"pricing-amount\"><span class=\"pricing-price\">30\u20ac<\/span><\/span><\/span><div class=\"pricing-content\"><p class=\"gutentor-single-item-desc\"> Duraci\u00f3n aprox. 2h <br><br> \u00b7 Marcadora MP9LT Fenix<br>\u00b7 Sensores cabeza<br>\u00b7 Peto color <br>\u00b7 Monitor Experimentado<br>  \u00b7 Explicaci\u00f3n actividad  <br>\u00b7 Exclusividad de campo <\/p><\/div><\/div><\/div><\/div><div class=\"gutentor-grid-column grid-lg-3 grid-md-4 grid-12\"><div class=\"gutentor-single-item pricing gutentor-single-item-3\"><div class=\"gutentor-single-item-content\"><div class=\"pricing-header\"><p class=\"gutentor-single-item-subtitle\"><br><br>Mono Camuflaje<\/p><\/div><span class=\"pricing-amount-wrap\"><span class=\"pricing-amount\"><span class=\"pricing-price\">+3\u20ac<\/span><\/span><\/span><div class=\"pricing-content\"><p class=\"gutentor-single-item-desc\">ALQUILER DE MONO CAMUFLAJE<\/p><\/div><\/div><\/div><\/div><\/div><\/div><\/section>\n\n\n\n<div id=\"section-gaecadf\" class=\"wp-block-gutentor-e1 section-gaecadf gutentor-element gutentor-element-advanced-text\"><div class=\"gutentor-text-wrap\"><p class=\"gutentor-text\"><\/p><\/div><\/div>\n\n\n\n<div id=\"section-g9c92dd\" class=\"wp-block-gutentor-e1 section-g9c92dd gutentor-element gutentor-element-advanced-text text-align-center-desktop\"><div class=\"gutentor-text-wrap\"><p class=\"gutentor-text\">M\u00ednimo 10 participantes<\/p><\/div><\/div>\n\n\n\n<div id=\"section-ga1d9a6\" class=\"wp-block-gutentor-e1 section-ga1d9a6 gutentor-element gutentor-element-advanced-text text-align-center-desktop\"><div class=\"gutentor-text-wrap\"><p class=\"gutentor-text\"> Tambi\u00e9n disponemos de un men\u00fa de picoteo para adultos, en celebraciones. <\/p><\/div><\/div>\n\n\n\n<div id=\"section-g27d9c2\" class=\"wp-block-gutentor-e1 section-g27d9c2 gutentor-element gutentor-element-advanced-text text-align-center-desktop\"><div class=\"gutentor-text-wrap\"><p class=\"gutentor-text\"><br>Reserva ya tu partida de Laser Combat!  D\u00e9janos tus datos y para cuando quieres hacer la partida y nos pondremos en contacto contigo<\/p><\/div><\/div>\n\n\n\n<p><\/p>\n\n\n\n<section id=\"section-492b0ef7-214d-4ab4-9561-b2b7218ba678\" class=\"wp-block-gutentor-notification gutentor-section gutentor-notification\"><div class=\"grid-container\"><div class=\"gutentor-grid-item-wrap gutentor-notification-wrap gutentor-notification-success\"><div class=\"gutentor-single-item\"><div class=\"gutentor-single-item-content\"><h3 class=\"gutentor-single-item-title\">A tener en cuenta!<\/h3><p class=\"gutentor-single-item-desc\"><br>&#8211; Para hacer efectiva la reserva, tendr\u00e1s que hacer un Bizum\/Transferencia, al numero que te indiquemos<br>&#8211; Ten\u00e9is que estar en las instalaciones entre 15 \/ 30 min antes de la hora de la actividad<br>&#8211; El pago se realizar\u00e1 en efectivo en las instalaciones<br>&#8211; No esta permitida la entrada de comida ni bebida al recinto.<br><br>&#8211; <strong>Cambio de fecha:<\/strong> Se deber\u00e1 avisar con una antelaci\u00f3n de 48h a la fecha de la actividad.<br>&#8211; <strong>Devoluci\u00f3n paga y se\u00f1al:<\/strong> Esta ser\u00e1 devuelta, si se avisa con un m\u00ednimo de 48h a la fecha de la actividad.<br>&#8211; <strong>En caso de lluvia:<\/strong> Se cambiar\u00e1 la fecha de la actividad a otro d\u00eda.<\/p><\/div><\/div><\/div><\/div><\/section>\n\n\n\n<div id=\"section-g3426dc\" class=\"wp-block-gutentor-e1 section-g3426dc gutentor-element gutentor-element-advanced-text\"><div class=\"gutentor-text-wrap\"><p class=\"gutentor-text\">OTROS CLIENTES TAMBI\u00c9N VISITARON<\/p><\/div><\/div>\n\n\n\n<section id=\"gm02b141c\" class=\"wp-block-gutentor-m2 section-gm02b141c gutentor-module gutentor-dynamic-columns\"><div class=\"grid-container\"><div class=\"grid-row\">\n<div id=\"col-gm417ed7\" class=\"wp-block-gutentor-m2-col col-gm417ed7 gutentor-module gutentor-dynamic-single-column grid-lg-4 grid-md-4 grid-12\"><div id=\"section-gm417ed7\" class=\"section-gm417ed7 gutentor-single-col\">\n<div id=\"section-g9372ee\" class=\"wp-block-gutentor-e6 section-g9372ee gutentor-element gutentor-element-image\"><div class=\"gutentor-element-image-box\"><a class=\"gutentor-element-image-link\" href=\"https:\/\/jocsiesports.com\/?page_id=72\" target=\"_blank\" rel=\" noopener noreferrer\"><div class=\"gutentor-image-thumb\"><img decoding=\"async\" class=\"normal-image lazyload\" data-src=\"https:\/\/jocsiesports.com\/wp-content\/uploads\/2021\/10\/1616355928548-scaled-e1723914056303.jpg\" alt=\"PAINTBALL\" src=\"data:image\/svg+xml;base64,PHN2ZyB3aWR0aD0iMSIgaGVpZ2h0PSIxIiB4bWxucz0iaHR0cDovL3d3dy53My5vcmcvMjAwMC9zdmciPjwvc3ZnPg==\" style=\"--smush-placeholder-width: 1898px; --smush-placeholder-aspect-ratio: 1898\/1186;\" \/><\/div><\/a><\/div><\/div>\n\n\n\n<p><\/p>\n\n\n\n<div id=\"section-g731398\" class=\"wp-block-gutentor-e1 section-g731398 gutentor-element gutentor-element-advanced-text text-align-center-desktop\"><div class=\"gutentor-text-wrap\"><a class=\"gutentor-element-advanced-text-link\" href=\"https:\/\/jocsiesports.com\/wp-admin\/post.php?post=74&amp;action=edit\" target=\"_blank\" rel=\" noopener noreferrer\"><p class=\"gutentor-text\">PAINTBALL ADULTO<\/p><\/a><\/div><\/div>\n<\/div><\/div>\n\n\n\n<div id=\"col-gm68be7f\" class=\"wp-block-gutentor-m2-col col-gm68be7f gutentor-module gutentor-dynamic-single-column grid-lg-4 grid-md-4 grid-12\"><div id=\"section-gm68be7f\" class=\"section-gm68be7f gutentor-single-col\">\n<div id=\"section-g9621b1\" class=\"wp-block-gutentor-e6 section-g9621b1 gutentor-element gutentor-element-image\"><div class=\"gutentor-element-image-box\"><a class=\"gutentor-element-image-link\" href=\"https:\/\/jocsiesports.com\/?page_id=84\" target=\"_blank\" rel=\" noopener noreferrer\"><div class=\"gutentor-image-thumb\"><img decoding=\"async\" class=\"normal-image lazyload\" data-src=\"https:\/\/jocsiesports.com\/wp-content\/uploads\/2021\/07\/IMG_20210613_115724-scaled-e1720021095736-300x181.jpg\" alt=\"adultos_jugando\" src=\"data:image\/svg+xml;base64,PHN2ZyB3aWR0aD0iMSIgaGVpZ2h0PSIxIiB4bWxucz0iaHR0cDovL3d3dy53My5vcmcvMjAwMC9zdmciPjwvc3ZnPg==\" style=\"--smush-placeholder-width: 300px; --smush-placeholder-aspect-ratio: 300\/181;\" \/><\/div><\/a><\/div><\/div>\n\n\n\n<p><\/p>\n\n\n\n<div id=\"section-g3583df\" class=\"wp-block-gutentor-e1 section-g3583df gutentor-element gutentor-element-advanced-text text-align-center-desktop\"><div class=\"gutentor-text-wrap\"><a class=\"gutentor-element-advanced-text-link\" href=\"https:\/\/jocsiesports.com\/?page_id=84\" target=\"_blank\" rel=\" noopener noreferrer\"><p class=\"gutentor-text\">GINCANA ADULTO<\/p><\/a><\/div><\/div>\n<\/div><\/div>\n\n\n\n<div id=\"col-gm766e06\" class=\"wp-block-gutentor-m2-col col-gm766e06 gutentor-module gutentor-dynamic-single-column grid-lg-4 grid-md-4 grid-12\"><div id=\"section-gm766e06\" class=\"section-gm766e06 gutentor-single-col\">\n<div id=\"section-g584944\" class=\"wp-block-gutentor-e6 section-g584944 gutentor-element gutentor-element-image\"><div class=\"gutentor-element-image-box\"><a class=\"gutentor-element-image-link\" href=\"https:\/\/jocsiesports.com\/?page_id=2488\" target=\"_blank\" rel=\" noopener noreferrer\"><div class=\"gutentor-image-thumb\"><img decoding=\"async\" class=\"normal-image lazyload\" data-src=\"https:\/\/jocsiesports.com\/wp-content\/uploads\/2024\/07\/gelsoft-e1723914102288.jpg\" alt=\"GELSFOT ADULTO\" src=\"data:image\/svg+xml;base64,PHN2ZyB3aWR0aD0iMSIgaGVpZ2h0PSIxIiB4bWxucz0iaHR0cDovL3d3dy53My5vcmcvMjAwMC9zdmciPjwvc3ZnPg==\" style=\"--smush-placeholder-width: 2013px; --smush-placeholder-aspect-ratio: 2013\/1137;\" \/><\/div><\/a><\/div><\/div>\n\n\n\n<p><\/p>\n\n\n\n<div id=\"section-g0654df\" class=\"wp-block-gutentor-e1 section-g0654df gutentor-element gutentor-element-advanced-text text-align-center-desktop\"><div class=\"gutentor-text-wrap\"><a class=\"gutentor-element-advanced-text-link\" href=\"https:\/\/jocsiesports.com\/wp-admin\/post.php?post=74&amp;action=edit\" target=\"_blank\" rel=\" noopener noreferrer\"><p class=\"gutentor-text\">GEL SOFT ADULTO<\/p><\/a><\/div><\/div>\n<\/div><\/div>\n<\/div><\/div><\/section>\n\n\n\n<div id=\"section-g12cd05\" class=\"wp-block-gutentor-e1 section-g12cd05 gutentor-element gutentor-element-advanced-text\"><div class=\"gutentor-text-wrap\"><p class=\"gutentor-text\">HORARIO Y PARTICIPANTES<\/p><\/div><\/div>\n\n\n\n<section id=\"section-a4424597-07ea-47ac-949c-7f032ad4a269\" class=\"wp-block-gutentor-opening-hours gutentor-section gutentor-opening-hours opening-hours-template1\"><div class=\"grid-container\"><div class=\"gutentor-block-header\"><div class=\"gutentor-section-title text-left\"><h2 class=\"gutentor-title\"><\/h2><\/div><\/div><div class=\"gutentor-grid-item-wrap\"><div class=\"gutentor-opening-hours-box\"><ul class=\"gutentor-opening-hours-wrapper\"><li class=\"gutentor-single-item gutentor-single-item-0\"><div class=\"gutentor-opening-hours-content\"><h3 class=\"gutentor-single-item-title\">De Lunes a S\u00e1bado (Horario Verano 15 Marzo-15 octubre)<\/h3><div class=\"gutentor-opening-hours-time-wrap\"><p class=\"gutentor-single-item-opening\">De 10h a 13.30h. -16h a 19:30h<\/p><\/div><\/div><\/li><li class=\"gutentor-single-item gutentor-single-item-1\"><div class=\"gutentor-opening-hours-content\"><h3 class=\"gutentor-single-item-title\">Domingos<\/h3><div class=\"gutentor-opening-hours-time-wrap\"><p class=\"gutentor-single-item-opening\">De 10h a 13.30h.<\/p><\/div><\/div><\/li><li class=\"gutentor-single-item gutentor-single-item-2\"><div class=\"gutentor-opening-hours-content\"><h3 class=\"gutentor-single-item-title\">De Lunes a Domingo ( Horario Invierno 16 Octubre -14 Marzo)<\/h3><div class=\"gutentor-opening-hours-time-wrap\"><p class=\"gutentor-single-item-opening\">De 10h a 13.30h.<\/p><\/div><\/div><\/li><li class=\"gutentor-single-item gutentor-single-item-3\"><div class=\"gutentor-opening-hours-content\"><h3 class=\"gutentor-single-item-title\">Julio y Agosto<\/h3><div class=\"gutentor-opening-hours-time-wrap\"><p class=\"gutentor-single-item-opening\">De 10h a 13.30h.<\/p><\/div><\/div><\/li><li class=\"gutentor-single-item gutentor-single-item-4\"><div class=\"gutentor-opening-hours-content\"><h3 class=\"gutentor-single-item-title\">El m\u00ednimo de participantes ser\u00e1 de 10.<\/h3><div class=\"gutentor-opening-hours-time-wrap\"><p class=\"gutentor-single-item-opening\"><\/p><\/div><\/div><\/li><\/ul><\/div><\/div><\/div><\/section>\n\n\n\n<p><\/p>\n\n\n\n<section id=\"gm5a46c23\" class=\"wp-block-gutentor-m4 section-gm5a46c23 gutentor-module gutentor-advanced-columns\"><div class=\"grid-container\"><div class=\"grid-row\">\n<div id=\"col-gmda82e9\" class=\"wp-block-gutentor-m4-col col-gmda82e9 gutentor-single-column  grid-lg-4 grid-md-12 grid-12\"><div id=\"section-gmda82e9\" class=\"section-gmda82e9 gutentor-col-wrap\">\n<div id=\"section-gc4fdf0\" class=\"wp-block-gutentor-e1 section-gc4fdf0 gutentor-element gutentor-element-advanced-text\"><div class=\"gutentor-text-wrap\"><p class=\"gutentor-text\"><strong>Tel\u00e9fono:&nbsp;<br><\/strong>647 40 66 94 &#8211; 647 40 66 92<\/p><\/div><\/div>\n<\/div><\/div>\n\n\n\n<div id=\"col-gm30d46e\" class=\"wp-block-gutentor-m4-col col-gm30d46e gutentor-single-column  grid-lg-4 grid-md-12 grid-12\"><div id=\"section-gm30d46e\" class=\"section-gm30d46e gutentor-col-wrap\">\n<div id=\"section-g2a0ffc\" class=\"wp-block-gutentor-e1 section-g2a0ffc gutentor-element gutentor-element-advanced-text\"><div class=\"gutentor-text-wrap\"><p class=\"gutentor-text\"><strong>Email:<br><\/strong><a href=\"mailto:reservas%40jocsiesports.com?subject=Informaci%C3%B3n%20%2F%20Reserva&amp;body=Informaci%C3%B3n%20%2F%20Reserva\">reservas@jocsiesports.com<\/a><\/p><\/div><\/div>\n<\/div><\/div>\n\n\n\n<div id=\"col-gm3d5f94\" class=\"wp-block-gutentor-m4-col col-gm3d5f94 gutentor-single-column  grid-lg-4 grid-md-12 grid-12\"><div id=\"section-gm3d5f94\" class=\"section-gm3d5f94 gutentor-col-wrap\">\n<div id=\"section-gaec4a1\" class=\"wp-block-gutentor-e1 section-gaec4a1 gutentor-element gutentor-element-advanced-text\"><div class=\"gutentor-text-wrap\"><p class=\"gutentor-text\"><strong>Direcci\u00f3n:&nbsp;<\/strong><br>Google Maps: Jocs i Esports <br><br>A 20km de Barcelona<\/p><\/div><\/div>\n<\/div><\/div>\n<\/div><\/div><\/section>\n\n\n\n<p><\/p>\n\n\n\n<section id=\"gmfca7836\" class=\"wp-block-gutentor-m4 section-gmfca7836 gutentor-module gutentor-advanced-columns has-color-bg has-custom-bg\"><div class=\"grid-container\"><div class=\"grid-row\">\n<div id=\"col-gmfbe40e\" class=\"wp-block-gutentor-m4-col col-gmfbe40e gutentor-single-column  grid-lg-3 grid-md-3 grid-3\"><div id=\"section-gmfbe40e\" class=\"section-gmfbe40e gutentor-col-wrap\">\n<div id=\"section-g957c55\" class=\"wp-block-gutentor-e6 section-g957c55 gutentor-element gutentor-element-image gutentor-enabled-width text-align-center-desktop\"><div class=\"gutentor-element-image-box\"><a class=\"gutentor-element-image-link\" href=\"https:\/\/www.instagram.com\/jocs_i_esports\/?hl=es\" target=\"_blank\" rel=\" noopener noreferrer\"><div class=\"gutentor-image-thumb\"><img decoding=\"async\" class=\"normal-image lazyload\" data-src=\"https:\/\/jocsiesports.com\/wp-content\/uploads\/2022\/01\/logo-insta-ok-150x150.jpg\" alt=\"logo\" src=\"data:image\/svg+xml;base64,PHN2ZyB3aWR0aD0iMSIgaGVpZ2h0PSIxIiB4bWxucz0iaHR0cDovL3d3dy53My5vcmcvMjAwMC9zdmciPjwvc3ZnPg==\" style=\"--smush-placeholder-width: 150px; --smush-placeholder-aspect-ratio: 150\/150;\" \/><\/div><\/a><\/div><\/div>\n<\/div><\/div>\n\n\n\n<div id=\"col-gm5a518e\" class=\"wp-block-gutentor-m4-col col-gm5a518e gutentor-single-column  grid-lg-3 grid-md-3 grid-3\"><div id=\"section-gm5a518e\" class=\"section-gm5a518e gutentor-col-wrap\">\n<div id=\"section-g712cc3\" class=\"wp-block-gutentor-e6 section-g712cc3 gutentor-element gutentor-element-image gutentor-enabled-width text-align-center-desktop\"><div class=\"gutentor-element-image-box\"><a class=\"gutentor-element-image-link\" href=\"https:\/\/www.facebook.com\/jocsiesports\" target=\"_blank\" rel=\" noopener noreferrer\"><div class=\"gutentor-image-thumb\"><img decoding=\"async\" class=\"normal-image lazyload\" data-src=\"https:\/\/jocsiesports.com\/wp-content\/uploads\/2022\/01\/logo-facebook-ok-150x150.jpg\" alt=\"logo\" src=\"data:image\/svg+xml;base64,PHN2ZyB3aWR0aD0iMSIgaGVpZ2h0PSIxIiB4bWxucz0iaHR0cDovL3d3dy53My5vcmcvMjAwMC9zdmciPjwvc3ZnPg==\" style=\"--smush-placeholder-width: 150px; --smush-placeholder-aspect-ratio: 150\/150;\" \/><\/div><\/a><\/div><\/div>\n<\/div><\/div>\n\n\n\n<div id=\"col-gmea32cf\" class=\"wp-block-gutentor-m4-col col-gmea32cf gutentor-single-column  grid-lg-3 grid-md-3 grid-3\"><div id=\"section-gmea32cf\" class=\"section-gmea32cf gutentor-col-wrap\">\n<div id=\"section-g385716\" class=\"wp-block-gutentor-e6 section-g385716 gutentor-element gutentor-element-image gutentor-enabled-width text-align-center-desktop\"><div class=\"gutentor-element-image-box\"><a class=\"gutentor-element-image-link\" href=\"https:\/\/www.tiktok.com\/@jocsiesports?lang=es\" target=\"_blank\" rel=\" noopener noreferrer\"><div class=\"gutentor-image-thumb\"><img decoding=\"async\" class=\"normal-image lazyload\" data-src=\"https:\/\/jocsiesports.com\/wp-content\/uploads\/2022\/01\/tik-tok-ok-150x150.jpg\" src=\"data:image\/svg+xml;base64,PHN2ZyB3aWR0aD0iMSIgaGVpZ2h0PSIxIiB4bWxucz0iaHR0cDovL3d3dy53My5vcmcvMjAwMC9zdmciPjwvc3ZnPg==\" style=\"--smush-placeholder-width: 150px; --smush-placeholder-aspect-ratio: 150\/150;\" \/><\/div><\/a><\/div><\/div>\n<\/div><\/div>\n\n\n\n<div id=\"col-gm45202c\" class=\"wp-block-gutentor-m4-col col-gm45202c gutentor-single-column  grid-lg-3 grid-md-3 grid-3\"><div id=\"section-gm45202c\" class=\"section-gm45202c gutentor-col-wrap\">\n<div id=\"section-g864c9e\" class=\"wp-block-gutentor-e6 section-g864c9e gutentor-element gutentor-element-image gutentor-enabled-width text-align-center-desktop\"><div class=\"gutentor-element-image-box\"><a class=\"gutentor-element-image-link\" href=\"https:\/\/www.youtube.com\/channel\/UCfHtURlDV6QtGsoHv4zE83Q\" target=\"_blank\" rel=\" noopener noreferrer\"><div class=\"gutentor-image-thumb\"><img decoding=\"async\" class=\"normal-image lazyload\" data-src=\"https:\/\/jocsiesports.com\/wp-content\/uploads\/2022\/01\/logo-youtube.jpg\" src=\"data:image\/svg+xml;base64,PHN2ZyB3aWR0aD0iMSIgaGVpZ2h0PSIxIiB4bWxucz0iaHR0cDovL3d3dy53My5vcmcvMjAwMC9zdmciPjwvc3ZnPg==\" style=\"--smush-placeholder-width: 269px; --smush-placeholder-aspect-ratio: 269\/188;\" \/><\/div><\/a><\/div><\/div>\n<\/div><\/div>\n<\/div><\/div><\/section>\n","protected":false},"excerpt":{"rendered":"","protected":false},"author":1,"featured_media":0,"parent":0,"menu_order":0,"comment_status":"closed","ping_status":"closed","template":"","meta":{"footnotes":""},"class_list":["post-76","page","type-page","status-publish","hentry"],"_links":{"self":[{"href":"https:\/\/jocsiesports.com\/index.php?rest_route=\/wp\/v2\/pages\/76","targetHints":{"allow":["GET"]}}],"collection":[{"href":"https:\/\/jocsiesports.com\/index.php?rest_route=\/wp\/v2\/pages"}],"about":[{"href":"https:\/\/jocsiesports.com\/index.php?rest_route=\/wp\/v2\/types\/page"}],"author":[{"embeddable":true,"href":"https:\/\/jocsiesports.com\/index.php?rest_route=\/wp\/v2\/users\/1"}],"replies":[{"embeddable":true,"href":"https:\/\/jocsiesports.com\/index.php?rest_route=%2Fwp%2Fv2%2Fcomments&post=76"}],"version-history":[{"count":75,"href":"https:\/\/jocsiesports.com\/index.php?rest_route=\/wp\/v2\/pages\/76\/revisions"}],"predecessor-version":[{"id":2733,"href":"https:\/\/jocsiesports.com\/index.php?rest_route=\/wp\/v2\/pages\/76\/revisions\/2733"}],"wp:attachment":[{"href":"https:\/\/jocsiesports.com\/index.php?rest_route=%2Fwp%2Fv2%2Fmedia&parent=76"}],"curies":[{"name":"wp","href":"https:\/\/api.w.org\/{rel}","templated":true}]}}