{"id":78,"date":"2021-03-23T19:29:39","date_gmt":"2021-03-23T19:29:39","guid":{"rendered":"https:\/\/jocsiesports.com\/?page_id=78"},"modified":"2025-06-17T20:03:37","modified_gmt":"2025-06-17T20:03:37","slug":"laser-combat-infantil","status":"publish","type":"page","link":"https:\/\/jocsiesports.com\/?page_id=78","title":{"rendered":"LASER COMBAT INFANTIL"},"content":{"rendered":"\n<section id=\"section-69261d90-7278-4b4f-b0b4-913c8d9e9ad6\" class=\"wp-block-gutentor-about-block gutentor-section gutentor-about about-template4\"><div class=\"grid-container\"><div class=\"gutentor-grid-item-wrap\"><div class=\"gutentor-single-item\"><div class=\"grid-row\"><div class=\"grid-md-6 about-grid\"><div class=\"gutentor-single-item-content\"><div class=\"gutentor-about-content\"><h3 class=\"gutentor-single-item-title\">VIVE UNA EXPERIENCIA \u00daNICA CON EL LASER COMBAT<\/h3><p class=\"gutentor-single-item-desc\">Te gusta jugar a videojuegos como Fortnite, Call of duty &#8230;? <br>Este es tu juego! Simula tus partidas con Laser Tag en nuestra versi\u00f3n Combat.<br>Ven a jugar en nuestros Super Mapas, con diferentes escenarios <br>y juegos.<br>Es adecuado tanto para adultos como para ni\u00f1os a partir de 5 a\u00f1os, por su peso ligero e indoloro. <br><br>Ideal para familias multi-edad que quieren jugar juntos al Laser Combat!\u00a0<\/p><\/div><\/div><\/div><div class=\"grid-md-6 about-grid\"><div class=\"gutentor-single-item-image-box\"><div class=\"gutentor-image-thumb\"><img decoding=\"async\" class=\"normal-image lazyload\" data-src=\"https:\/\/jocsiesports.com\/wp-content\/uploads\/2023\/01\/1668966240958.jpg\" alt=\"ni\u00f1os_pistolas\" height=\"384\" width=\"510\" src=\"data:image\/svg+xml;base64,PHN2ZyB3aWR0aD0iMSIgaGVpZ2h0PSIxIiB4bWxucz0iaHR0cDovL3d3dy53My5vcmcvMjAwMC9zdmciPjwvc3ZnPg==\" style=\"--smush-placeholder-width: 510px; --smush-placeholder-aspect-ratio: 510\/384;\" \/><\/div><\/div><\/div><\/div><\/div><\/div><\/div><\/section>\n\n\n\n<section id=\"section-29e82c9c-7210-4956-89a7-eac44a78fc15\" class=\"wp-block-gutentor-about-block gutentor-section gutentor-about about-template1\"><div class=\"grid-container\"><div class=\"gutentor-grid-item-wrap\"><div class=\"gutentor-single-item\"><div class=\"grid-row\"><div class=\"grid-md-6 about-grid\"><div class=\"gutentor-single-item-image-box\"><div class=\"gutentor-image-thumb\"><img decoding=\"async\" class=\"normal-image lazyload\" data-src=\"https:\/\/jocsiesports.com\/wp-content\/uploads\/2024\/05\/laser-correguida-e1723909470654.png\" alt=\"MARCADORA-HIERBA\" height=\"808\" width=\"974\" src=\"data:image\/svg+xml;base64,PHN2ZyB3aWR0aD0iMSIgaGVpZ2h0PSIxIiB4bWxucz0iaHR0cDovL3d3dy53My5vcmcvMjAwMC9zdmciPjwvc3ZnPg==\" style=\"--smush-placeholder-width: 974px; --smush-placeholder-aspect-ratio: 974\/808;\" \/><\/div><\/div><\/div><div class=\"grid-md-6 about-grid\"><div class=\"gutentor-single-item-content\"><div class=\"gutentor-about-content\"><h3 class=\"gutentor-single-item-title\">NUESTROS EQUIPOS<\/h3><p class=\"gutentor-single-item-desc\">Son r\u00e9plicas del modelo ruso MP9LT Fenix.<br><br>Su sistema inal\u00e1mbrico permite total libertad de movimientos. Disponen de mira telesc\u00f3pica (red point) y un alcance superior <br>a 150 metros.\u00a0<br>Tiene modo de disparo, metralleta o tiro a tiro.\u00a0<br><br>Su gran ventaja, no dispara ning\u00fan proyectil, solo rayos infrarrojos.<br>Ven a pas\u00e1rtelo bien con nuestro L\u00e1ser Tag versi\u00f3n Combat.<\/p><\/div><\/div><\/div><\/div><\/div><\/div><\/div><\/section>\n\n\n\n<section id=\"section-4cdcd0f6-6a1b-41f6-87cc-65acb4a54b63\" class=\"wp-block-gutentor-pricing gutentor-section pricing-wrapper pricing-template1\"><div class=\"grid-container\"><div class=\"gutentor-block-header\"><div class=\"gutentor-section-title text-left\"><h2 class=\"gutentor-title\">TARIFA DE PRECIOS PARA LASER COMBAT (5 a 13 a\u00f1os)<\/h2><\/div><\/div><div class=\"grid-row gutentor-grid-item-wrap\"><div class=\"gutentor-grid-column grid-lg-4 grid-md-4 grid-12\"><div class=\"gutentor-single-item pricing gutentor-single-item-0\"><div class=\"gutentor-single-item-content\"><div class=\"pricing-header\"><p class=\"gutentor-single-item-subtitle\"><a href=\"https:\/\/jocsiesports.com\/?page_id=9\" data-type=\"URL\" data-id=\"https:\/\/jocsiesports.com\/?page_id=9\" target=\"_blank\" rel=\"noreferrer noopener\"><strong>RESERVAR<\/strong><\/a><br><br>ALFA JR<\/p><h3 class=\"gutentor-single-item-title\">1 Hora<\/h3><\/div><span class=\"pricing-amount-wrap\"><span class=\"pricing-amount\"><span class=\"pricing-price\">15\u20ac<\/span><\/span><\/span><div class=\"pricing-content\"><p class=\"gutentor-single-item-desc\">Duraci\u00f3n aprox. 1h<br><br>\u00b7 Marcadora MP9LT Fenix<br>\u00b7 Sensores cabeza<br>\u00b7 Peto color<br>\u00b7 Monitor Experimentado<br> \u00b7 Explicaci\u00f3n actividad <br>\u00b7 Exclusividad de campo<\/p><\/div><\/div><\/div><\/div><div class=\"gutentor-grid-column grid-lg-4 grid-md-4 grid-12\"><div class=\"gutentor-single-item pricing gutentor-single-item-1\"><div class=\"gutentor-single-item-content\"><div class=\"pricing-header\"><p class=\"gutentor-single-item-subtitle\"><a href=\"https:\/\/jocsiesports.com\/?page_id=9\" data-type=\"URL\" data-id=\"https:\/\/jocsiesports.com\/?page_id=9\" target=\"_blank\" rel=\"noreferrer noopener\"><strong>RESERVAR<\/strong><\/a><br><br>BETA JR<\/p><h3 class=\"gutentor-single-item-title\">1:30 HORAS<\/h3><\/div><span class=\"pricing-amount-wrap\"><span class=\"pricing-amount\"><span class=\"pricing-price\">19\u20ac<\/span><\/span><\/span><div class=\"pricing-content\"><p class=\"gutentor-single-item-desc\"> Duraci\u00f3n aprox. 1:30h<br> <br>\u00b7 Marcadora MP9LT Fenix<br>\u00b7 Sensores cabeza<br>\u00b7 Peto color<br>\u00b7 Monitor Experimentado<br> \u00b7 Explicaci\u00f3n actividad<br>\u00b7 Exclusividad de campo<\/p><\/div><\/div><\/div><\/div><\/div><\/div><\/section>\n\n\n\n<div id=\"section-g5649cf\" class=\"wp-block-gutentor-e1 section-g5649cf gutentor-element gutentor-element-advanced-text text-align-center-desktop\"><div class=\"gutentor-text-wrap\"><p class=\"gutentor-text\">M\u00ednimo 10 participantes<\/p><\/div><\/div>\n\n\n\n<div id=\"section-ga2a709\" class=\"wp-block-gutentor-e1 section-ga2a709 gutentor-element gutentor-element-advanced-text text-align-center-desktop\"><div class=\"gutentor-text-wrap\"><p class=\"gutentor-text\"><br>Reserva ya tu partida de Laser Combat ! D\u00e9janos tus datos y para cuando quieres hacer la partida y nos pondremos en contacto contigo<\/p><\/div><\/div>\n\n\n\n<div id=\"section-g9505d6\" class=\"wp-block-gutentor-e1 section-g9505d6 gutentor-element gutentor-element-advanced-text\"><div class=\"gutentor-text-wrap\"><p class=\"gutentor-text\">INVITACIONES CUMPLEA\u00d1OS<\/p><\/div><\/div>\n\n\n\n<section id=\"gmbe243a9\" class=\"wp-block-gutentor-m4 section-gmbe243a9 gutentor-module gutentor-advanced-columns\"><div class=\"grid-container\"><div class=\"grid-row\">\n<div id=\"col-gmb77479\" class=\"wp-block-gutentor-m4-col col-gmb77479 gutentor-single-column  grid-lg-6 grid-md-12 grid-12\"><div id=\"section-gmb77479\" class=\"section-gmb77479 gutentor-col-wrap\">\n<div class=\"wp-block-file\"><a id=\"wp-block-file--media-629a02e7-adc6-4f9b-a6af-0db43cab3c76\" href=\"https:\/\/jocsiesports.com\/wp-content\/uploads\/2022\/01\/invitacion-laser-combat.jpg\">invitacion-laser combat<\/a><a href=\"https:\/\/jocsiesports.com\/wp-content\/uploads\/2022\/01\/invitacion-laser-combat.jpg\" class=\"wp-block-file__button wp-element-button\" download aria-describedby=\"wp-block-file--media-629a02e7-adc6-4f9b-a6af-0db43cab3c76\">Descarga<\/a><\/div>\n<\/div><\/div>\n\n\n\n<div id=\"col-gm98808c\" class=\"wp-block-gutentor-m4-col col-gm98808c gutentor-single-column  grid-lg-6 grid-md-12 grid-12\"><div id=\"section-gm98808c\" class=\"section-gm98808c gutentor-col-wrap\">\n<div class=\"wp-block-file\"><a id=\"wp-block-file--media-986cbc0a-2be2-4a74-9890-5d6d3477f091\" href=\"https:\/\/jocsiesports.com\/wp-content\/uploads\/2022\/01\/cat-invitacio-laser-combat.jpg\">cat &#8211; invitaci\u00f3-laser combat<\/a><a href=\"https:\/\/jocsiesports.com\/wp-content\/uploads\/2022\/01\/cat-invitacio-laser-combat.jpg\" class=\"wp-block-file__button wp-element-button\" download aria-describedby=\"wp-block-file--media-986cbc0a-2be2-4a74-9890-5d6d3477f091\">Descarga<\/a><\/div>\n<\/div><\/div>\n<\/div><\/div><\/section>\n\n\n\n<section id=\"section-037dbb52-e3d9-47ee-8829-a1d9e55e9589\" class=\"wp-block-gutentor-notification gutentor-section gutentor-notification\"><div class=\"grid-container\"><div class=\"gutentor-grid-item-wrap gutentor-notification-wrap gutentor-notification-success\"><div class=\"gutentor-single-item\"><div class=\"gutentor-single-item-content\"><h3 class=\"gutentor-single-item-title\">A tener en cuenta!<\/h3><p class=\"gutentor-single-item-desc\"><br>&#8211; Para hacer efectiva la reserva, tendr\u00e1s que hacer un Bizum\/Transferencia, al numero que te indiquemos<br>&#8211; Ten\u00e9is que estar en las instalaciones entre 15 \/ 30 min antes de la hora de la actividad<br>&#8211; El pago se realizar\u00e1 en efectivo en las instalaciones<br>&#8211; No esta permitida la entrada de comida ni bebida al recinto.<br><br>&#8211; <strong>Cambio de fecha:<\/strong> Se deber\u00e1 avisar con una antelaci\u00f3n de 48h a la fecha de la actividad.<br>&#8211; <strong>Devoluci\u00f3n paga y se\u00f1al:<\/strong> Esta ser\u00e1 devuelta, si se avisa con un m\u00ednimo de 48h a la fecha de la actividad.<br>&#8211; <strong>En caso de lluvia:<\/strong> Se cambiar\u00e1 la fecha de la actividad a otro d\u00eda.<\/p><\/div><\/div><\/div><\/div><\/section>\n\n\n\n<div id=\"section-ga8808f\" class=\"wp-block-gutentor-e1 section-ga8808f gutentor-element gutentor-element-advanced-text\"><div class=\"gutentor-text-wrap\"><p class=\"gutentor-text\">MEN\u00da CELEBRACI\u00d3N<\/p><\/div><\/div>\n\n\n\n<section id=\"gm05462f2\" class=\"wp-block-gutentor-m4 section-gm05462f2 gutentor-module gutentor-advanced-columns\"><div class=\"grid-container\"><div class=\"grid-row\">\n<div id=\"col-gmedf411\" class=\"wp-block-gutentor-m4-col col-gmedf411 gutentor-single-column  grid-lg-6 grid-md-12 grid-12\"><div id=\"section-gmedf411\" class=\"section-gmedf411 gutentor-col-wrap\">\n<div id=\"section-gd6d699\" class=\"wp-block-gutentor-e1 section-gd6d699 gutentor-element gutentor-element-advanced-text\"><div class=\"gutentor-text-wrap\"><p class=\"gutentor-text\">Men\u00fa de Cumplea\u00f1os<br>Incluye :<br>&#8211; Surtido de snack<br>&#8211; 2&nbsp;bocadillos ( Queso semi&nbsp; y Nutella)<br>&#8211; 1 refresco<br>&#8211; Pastel<br><br>* Velas, decoraci\u00f3n, etc<br>Tiempo max de celebraci\u00f3n 1h<\/p><\/div><\/div>\n\n\n\n<div id=\"section-g29151e\" class=\"wp-block-gutentor-e1 section-g29151e gutentor-element gutentor-element-advanced-text\"><div class=\"gutentor-text-wrap\"><p class=\"gutentor-text\"><br><img decoding=\"async\" data-src=\"https:\/\/jocsiesports.com\/wp-content\/uploads\/2021\/12\/IMG_20211211_110712-scaled.jpg\" alt=\"pan-comida\" src=\"data:image\/svg+xml;base64,PHN2ZyB3aWR0aD0iMSIgaGVpZ2h0PSIxIiB4bWxucz0iaHR0cDovL3d3dy53My5vcmcvMjAwMC9zdmciPjwvc3ZnPg==\" class=\"lazyload\" style=\"--smush-placeholder-width: 2560px; --smush-placeholder-aspect-ratio: 2560\/1920;\"><\/p><\/div><\/div>\n\n\n\n<div id=\"section-gb76040\" class=\"wp-block-gutentor-e1 section-gb76040 gutentor-element gutentor-element-advanced-text\"><div class=\"gutentor-text-wrap\"><p class=\"gutentor-text\"><strong><strong>7 \u20ac \/ persona<\/strong><\/strong><\/p><\/div><\/div>\n<\/div><\/div>\n\n\n\n<div id=\"col-gm8e60c2\" class=\"wp-block-gutentor-m4-col col-gm8e60c2 gutentor-single-column  grid-lg-6 grid-md-12 grid-12\"><div id=\"section-gm8e60c2\" class=\"section-gm8e60c2 gutentor-col-wrap\">\n<div id=\"section-g775aa8\" class=\"wp-block-gutentor-e1 section-g775aa8 gutentor-element gutentor-element-advanced-text\"><div class=\"gutentor-text-wrap\"><p class=\"gutentor-text\">Men\u00fa de Picoteo<br>Incluye :<br>&#8211; Olivas<br>&#8211; Tortilla de patata con cebolla<br>&#8211; Palitos<br>&#8211; Fuet<br>&#8211; 1 Refresco<br><br>&nbsp;* Opci\u00f3n Pan con tomate +1\u20ac<br>Tiempo max de celebraci\u00f3n 1h<\/p><\/div><\/div>\n\n\n\n<div id=\"section-g89331e\" class=\"wp-block-gutentor-e6 section-g89331e gutentor-element gutentor-element-image\"><div class=\"gutentor-element-image-box\"><div class=\"gutentor-image-thumb\"><img decoding=\"async\" class=\"normal-image lazyload\" data-src=\"https:\/\/jocsiesports.com\/wp-content\/uploads\/2021\/12\/Menu-picoteo-1-scaled.jpg\" alt=\"comida-tortilla\" src=\"data:image\/svg+xml;base64,PHN2ZyB3aWR0aD0iMSIgaGVpZ2h0PSIxIiB4bWxucz0iaHR0cDovL3d3dy53My5vcmcvMjAwMC9zdmciPjwvc3ZnPg==\" style=\"--smush-placeholder-width: 2560px; --smush-placeholder-aspect-ratio: 2560\/1927;\" \/><\/div><\/div><\/div>\n\n\n\n<div id=\"section-g111220\" class=\"wp-block-gutentor-e1 section-g111220 gutentor-element gutentor-element-advanced-text\"><div class=\"gutentor-text-wrap\"><p class=\"gutentor-text\"><strong><strong>8 \u20ac \/ persona<\/strong><\/strong><\/p><\/div><\/div>\n<\/div><\/div>\n<\/div><\/div><\/section>\n\n\n\n<div id=\"section-g8d82dc\" class=\"wp-block-gutentor-e1 section-g8d82dc gutentor-element gutentor-element-advanced-text\"><div class=\"gutentor-text-wrap\"><p class=\"gutentor-text\"><br><\/p><\/div><\/div>\n\n\n\n<div id=\"section-g9a7c84\" class=\"wp-block-gutentor-e1 section-g9a7c84 gutentor-element gutentor-element-advanced-text\"><div class=\"gutentor-text-wrap\"><p class=\"gutentor-text\"><\/p><\/div><\/div>\n\n\n\n<div id=\"section-gf008a9\" class=\"wp-block-gutentor-e1 section-gf008a9 gutentor-element gutentor-element-advanced-text\"><div class=\"gutentor-text-wrap\"><p class=\"gutentor-text\">OTROS CLIENTES TAMBI\u00c9N VISITARON<\/p><\/div><\/div>\n\n\n\n<section id=\"gmd060c98\" class=\"wp-block-gutentor-m2 section-gmd060c98 gutentor-module gutentor-dynamic-columns\"><div class=\"grid-container\"><div class=\"grid-row\">\n<div id=\"col-gmd4ffe2\" class=\"wp-block-gutentor-m2-col col-gmd4ffe2 gutentor-module gutentor-dynamic-single-column grid-lg-4 grid-md-4 grid-12\"><div id=\"section-gmd4ffe2\" class=\"section-gmd4ffe2 gutentor-single-col\">\n<div id=\"section-g3b504b\" class=\"wp-block-gutentor-e6 section-g3b504b gutentor-element gutentor-element-image\"><div class=\"gutentor-element-image-box\"><a class=\"gutentor-element-image-link\" href=\"https:\/\/jocsiesports.com\/?page_id=74\" target=\"_blank\" rel=\" noopener noreferrer\"><div class=\"gutentor-image-thumb\"><img decoding=\"async\" class=\"normal-image lazyload\" data-src=\"https:\/\/jocsiesports.com\/wp-content\/uploads\/2021\/10\/IMG_20180905_183109-scaled.jpg\" alt=\"ni\u00f1os-mascaras\" src=\"data:image\/svg+xml;base64,PHN2ZyB3aWR0aD0iMSIgaGVpZ2h0PSIxIiB4bWxucz0iaHR0cDovL3d3dy53My5vcmcvMjAwMC9zdmciPjwvc3ZnPg==\" style=\"--smush-placeholder-width: 2560px; --smush-placeholder-aspect-ratio: 2560\/1920;\" \/><\/div><\/a><\/div><\/div>\n\n\n\n<p><\/p>\n\n\n\n<div id=\"section-g9bbada\" class=\"wp-block-gutentor-e1 section-g9bbada gutentor-element gutentor-element-advanced-text text-align-center-desktop\"><div class=\"gutentor-text-wrap\"><a class=\"gutentor-element-advanced-text-link\" href=\"https:\/\/jocsiesports.com\/?page_id=74\" target=\"_blank\" rel=\" noopener noreferrer\"><p class=\"gutentor-text\">PAINTBALL INFANTIL<\/p><\/a><\/div><\/div>\n<\/div><\/div>\n\n\n\n<div id=\"col-gm1bb1d2\" class=\"wp-block-gutentor-m2-col col-gm1bb1d2 gutentor-module gutentor-dynamic-single-column grid-lg-4 grid-md-4 grid-12\"><div id=\"section-gm1bb1d2\" class=\"section-gm1bb1d2 gutentor-single-col\">\n<div id=\"section-gff67aa\" class=\"wp-block-gutentor-e6 section-gff67aa gutentor-element gutentor-element-image\"><div class=\"gutentor-element-image-box\"><a class=\"gutentor-element-image-link\" href=\"https:\/\/jocsiesports.com\/?page_id=2488\" target=\"_blank\" rel=\" noopener noreferrer\"><div class=\"gutentor-image-thumb\"><img decoding=\"async\" class=\"normal-image lazyload\" data-src=\"https:\/\/jocsiesports.com\/wp-content\/uploads\/2024\/07\/gelsoft-e1720021358486.jpg\" alt=\"GELSFOT ADULTO\" src=\"data:image\/svg+xml;base64,PHN2ZyB3aWR0aD0iMSIgaGVpZ2h0PSIxIiB4bWxucz0iaHR0cDovL3d3dy53My5vcmcvMjAwMC9zdmciPjwvc3ZnPg==\" style=\"--smush-placeholder-width: 2152px; --smush-placeholder-aspect-ratio: 2152\/1398;\" \/><\/div><\/a><\/div><\/div>\n\n\n\n<p><\/p>\n\n\n\n<div id=\"section-g8faafb\" class=\"wp-block-gutentor-e1 section-g8faafb gutentor-element gutentor-element-advanced-text text-align-center-desktop\"><div class=\"gutentor-text-wrap\"><a class=\"gutentor-element-advanced-text-link\" href=\"https:\/\/jocsiesports.com\/wp-admin\/post.php?post=74&amp;action=edit\" target=\"_blank\" rel=\" noopener noreferrer\"><p class=\"gutentor-text\">GEL SOFT ADULTO<\/p><\/a><\/div><\/div>\n<\/div><\/div>\n<\/div><\/div><\/section>\n\n\n\n<p><\/p>\n\n\n\n<div id=\"section-ga13df2\" class=\"wp-block-gutentor-e1 section-ga13df2 gutentor-element gutentor-element-advanced-text\"><div class=\"gutentor-text-wrap\"><p class=\"gutentor-text\">HORARIO Y PARTICIPANTES<\/p><\/div><\/div>\n\n\n\n<section id=\"section-de2d2598-b1ff-43c0-bd52-1fde662f7d7a\" class=\"wp-block-gutentor-opening-hours gutentor-section gutentor-opening-hours opening-hours-template1\"><div class=\"grid-container\"><div class=\"gutentor-block-header\"><div class=\"gutentor-section-title text-left\"><h2 class=\"gutentor-title\"><\/h2><\/div><\/div><div class=\"gutentor-grid-item-wrap\"><div class=\"gutentor-opening-hours-box\"><ul class=\"gutentor-opening-hours-wrapper\"><li class=\"gutentor-single-item gutentor-single-item-0\"><div class=\"gutentor-opening-hours-content\"><h3 class=\"gutentor-single-item-title\">De Lunes a S\u00e1bado (Horario Verano 15 Marzo-15 octubre)<\/h3><div class=\"gutentor-opening-hours-time-wrap\"><p class=\"gutentor-single-item-opening\">De 10h a 13.30h. -16h a 19:30h<\/p><\/div><\/div><\/li><li class=\"gutentor-single-item gutentor-single-item-1\"><div class=\"gutentor-opening-hours-content\"><h3 class=\"gutentor-single-item-title\">Domingos<\/h3><div class=\"gutentor-opening-hours-time-wrap\"><p class=\"gutentor-single-item-opening\">De 10h a 13.30h.<\/p><\/div><\/div><\/li><li class=\"gutentor-single-item gutentor-single-item-2\"><div class=\"gutentor-opening-hours-content\"><h3 class=\"gutentor-single-item-title\">De Lunes a Domingo ( Horario Invierno 16 Octubre -14 Marzo)<\/h3><div class=\"gutentor-opening-hours-time-wrap\"><p class=\"gutentor-single-item-opening\">De 10h a 13.30h.<\/p><\/div><\/div><\/li><li class=\"gutentor-single-item gutentor-single-item-3\"><div class=\"gutentor-opening-hours-content\"><h3 class=\"gutentor-single-item-title\">Julio y Agosto<\/h3><div class=\"gutentor-opening-hours-time-wrap\"><p class=\"gutentor-single-item-opening\">De 10h a 13.30h.<br><\/p><\/div><\/div><\/li><li class=\"gutentor-single-item gutentor-single-item-4\"><div class=\"gutentor-opening-hours-content\"><h3 class=\"gutentor-single-item-title\">El m\u00ednimo de participantes ser\u00e1 de 10.<\/h3><div class=\"gutentor-opening-hours-time-wrap\"><p class=\"gutentor-single-item-opening\"><\/p><\/div><\/div><\/li><\/ul><\/div><\/div><\/div><\/section>\n\n\n\n<p><\/p>\n\n\n\n<section id=\"gm35234d2\" class=\"wp-block-gutentor-m4 section-gm35234d2 gutentor-module gutentor-advanced-columns\"><div class=\"grid-container\"><div class=\"grid-row\">\n<div id=\"col-gm4820a4\" class=\"wp-block-gutentor-m4-col col-gm4820a4 gutentor-single-column  grid-lg-4 grid-md-12 grid-12\"><div id=\"section-gm4820a4\" class=\"section-gm4820a4 gutentor-col-wrap\">\n<div id=\"section-g3eef93\" class=\"wp-block-gutentor-e1 section-g3eef93 gutentor-element gutentor-element-advanced-text\"><div class=\"gutentor-text-wrap\"><p class=\"gutentor-text\"><strong>Tel\u00e9fono:&nbsp;<br><\/strong>647 40 66 94 &#8211; 647 40 66 92<\/p><\/div><\/div>\n<\/div><\/div>\n\n\n\n<div id=\"col-gm41a962\" class=\"wp-block-gutentor-m4-col col-gm41a962 gutentor-single-column  grid-lg-4 grid-md-12 grid-12\"><div id=\"section-gm41a962\" class=\"section-gm41a962 gutentor-col-wrap\">\n<div id=\"section-g0f0775\" class=\"wp-block-gutentor-e1 section-g0f0775 gutentor-element gutentor-element-advanced-text\"><div class=\"gutentor-text-wrap\"><p class=\"gutentor-text\"><strong>Email:<br><\/strong><a href=\"mailto:reservas%40jocsiesports.com?subject=Informaci%C3%B3n%20%2F%20Reserva&amp;body=Informaci%C3%B3n%20%2F%20Reserva\">reservas@jocsiesports.com<\/a><\/p><\/div><\/div>\n<\/div><\/div>\n\n\n\n<div id=\"col-gma3a745\" class=\"wp-block-gutentor-m4-col col-gma3a745 gutentor-single-column  grid-lg-4 grid-md-12 grid-12\"><div id=\"section-gma3a745\" class=\"section-gma3a745 gutentor-col-wrap\">\n<div id=\"section-g98a297\" class=\"wp-block-gutentor-e1 section-g98a297 gutentor-element gutentor-element-advanced-text\"><div class=\"gutentor-text-wrap\"><p class=\"gutentor-text\"><strong>Direcci\u00f3n:&nbsp;<\/strong><br>Google Maps: Jocs i Esports <br><br>A 20km de Barcelona<\/p><\/div><\/div>\n<\/div><\/div>\n<\/div><\/div><\/section>\n\n\n\n<p><\/p>\n\n\n\n<section id=\"gm9365f49\" class=\"wp-block-gutentor-m4 section-gm9365f49 gutentor-module gutentor-advanced-columns has-color-bg has-custom-bg gutentor-equal-column-height\"><div class=\"grid-container\"><div class=\"grid-row\">\n<div id=\"col-gm3f13d7\" class=\"wp-block-gutentor-m4-col col-gm3f13d7 gutentor-single-column  grid-lg-3 grid-md-12 grid-3\"><div id=\"section-gm3f13d7\" class=\"section-gm3f13d7 gutentor-col-wrap\">\n<div id=\"section-g68fb0c\" class=\"wp-block-gutentor-e6 section-g68fb0c gutentor-element gutentor-element-image gutentor-enabled-width text-align-center-desktop\"><div class=\"gutentor-element-image-box\"><a class=\"gutentor-element-image-link\" href=\"https:\/\/www.instagram.com\/jocs_i_esports\/?hl=es\" target=\"_blank\" rel=\" noopener noreferrer\"><div class=\"gutentor-image-thumb\"><img decoding=\"async\" class=\"normal-image lazyload\" data-src=\"https:\/\/jocsiesports.com\/wp-content\/uploads\/2022\/01\/logo-insta-ok-150x150.jpg\" alt=\"logo\" src=\"data:image\/svg+xml;base64,PHN2ZyB3aWR0aD0iMSIgaGVpZ2h0PSIxIiB4bWxucz0iaHR0cDovL3d3dy53My5vcmcvMjAwMC9zdmciPjwvc3ZnPg==\" style=\"--smush-placeholder-width: 150px; --smush-placeholder-aspect-ratio: 150\/150;\" \/><\/div><\/a><\/div><\/div>\n<\/div><\/div>\n\n\n\n<div id=\"col-gm153231\" class=\"wp-block-gutentor-m4-col col-gm153231 gutentor-single-column  grid-lg-3 grid-md-12 grid-3\"><div id=\"section-gm153231\" class=\"section-gm153231 gutentor-col-wrap\">\n<div id=\"section-g6dd3ff\" class=\"wp-block-gutentor-e6 section-g6dd3ff gutentor-element gutentor-element-image gutentor-enabled-width text-align-center-desktop\"><div class=\"gutentor-element-image-box\"><a class=\"gutentor-element-image-link\" href=\"https:\/\/www.facebook.com\/jocsiesports\" target=\"_blank\" rel=\" noopener noreferrer\"><div class=\"gutentor-image-thumb\"><img decoding=\"async\" class=\"normal-image lazyload\" data-src=\"https:\/\/jocsiesports.com\/wp-content\/uploads\/2022\/01\/logo-facebook-ok-150x150.jpg\" alt=\"logo\" src=\"data:image\/svg+xml;base64,PHN2ZyB3aWR0aD0iMSIgaGVpZ2h0PSIxIiB4bWxucz0iaHR0cDovL3d3dy53My5vcmcvMjAwMC9zdmciPjwvc3ZnPg==\" style=\"--smush-placeholder-width: 150px; --smush-placeholder-aspect-ratio: 150\/150;\" \/><\/div><\/a><\/div><\/div>\n<\/div><\/div>\n\n\n\n<div id=\"col-gm597d6a\" class=\"wp-block-gutentor-m4-col col-gm597d6a gutentor-single-column  grid-lg-3 grid-md-12 grid-3\"><div id=\"section-gm597d6a\" class=\"section-gm597d6a gutentor-col-wrap\">\n<div id=\"section-gdd0b29\" class=\"wp-block-gutentor-e6 section-gdd0b29 gutentor-element gutentor-element-image gutentor-enabled-width text-align-center-desktop\"><div class=\"gutentor-element-image-box\"><a class=\"gutentor-element-image-link\" href=\"https:\/\/www.tiktok.com\/@jocsiesports?lang=es\" target=\"_blank\" rel=\" noopener noreferrer\"><div class=\"gutentor-image-thumb\"><img decoding=\"async\" class=\"normal-image lazyload\" data-src=\"https:\/\/jocsiesports.com\/wp-content\/uploads\/2022\/01\/tik-tok-ok-150x150.jpg\" src=\"data:image\/svg+xml;base64,PHN2ZyB3aWR0aD0iMSIgaGVpZ2h0PSIxIiB4bWxucz0iaHR0cDovL3d3dy53My5vcmcvMjAwMC9zdmciPjwvc3ZnPg==\" style=\"--smush-placeholder-width: 150px; --smush-placeholder-aspect-ratio: 150\/150;\" \/><\/div><\/a><\/div><\/div>\n<\/div><\/div>\n\n\n\n<div id=\"col-gmedcac9\" class=\"wp-block-gutentor-m4-col col-gmedcac9 gutentor-single-column  grid-lg-3 grid-md-12 grid-3\"><div id=\"section-gmedcac9\" class=\"section-gmedcac9 gutentor-col-wrap\">\n<div id=\"section-gcd77dd\" class=\"wp-block-gutentor-e6 section-gcd77dd gutentor-element gutentor-element-image gutentor-enabled-width text-align-center-desktop\"><div class=\"gutentor-element-image-box\"><a class=\"gutentor-element-image-link\" href=\"https:\/\/www.youtube.com\/channel\/UCfHtURlDV6QtGsoHv4zE83Q\" target=\"_blank\" rel=\" noopener noreferrer\"><div class=\"gutentor-image-thumb\"><img decoding=\"async\" class=\"normal-image lazyload\" data-src=\"https:\/\/jocsiesports.com\/wp-content\/uploads\/2022\/01\/logo-youtube.jpg\" src=\"data:image\/svg+xml;base64,PHN2ZyB3aWR0aD0iMSIgaGVpZ2h0PSIxIiB4bWxucz0iaHR0cDovL3d3dy53My5vcmcvMjAwMC9zdmciPjwvc3ZnPg==\" style=\"--smush-placeholder-width: 269px; --smush-placeholder-aspect-ratio: 269\/188;\" \/><\/div><\/a><\/div><\/div>\n<\/div><\/div>\n<\/div><\/div><\/section>\n","protected":false},"excerpt":{"rendered":"","protected":false},"author":1,"featured_media":0,"parent":0,"menu_order":0,"comment_status":"closed","ping_status":"closed","template":"","meta":{"footnotes":""},"class_list":["post-78","page","type-page","status-publish","hentry"],"_links":{"self":[{"href":"https:\/\/jocsiesports.com\/index.php?rest_route=\/wp\/v2\/pages\/78","targetHints":{"allow":["GET"]}}],"collection":[{"href":"https:\/\/jocsiesports.com\/index.php?rest_route=\/wp\/v2\/pages"}],"about":[{"href":"https:\/\/jocsiesports.com\/index.php?rest_route=\/wp\/v2\/types\/page"}],"author":[{"embeddable":true,"href":"https:\/\/jocsiesports.com\/index.php?rest_route=\/wp\/v2\/users\/1"}],"replies":[{"embeddable":true,"href":"https:\/\/jocsiesports.com\/index.php?rest_route=%2Fwp%2Fv2%2Fcomments&post=78"}],"version-history":[{"count":74,"href":"https:\/\/jocsiesports.com\/index.php?rest_route=\/wp\/v2\/pages\/78\/revisions"}],"predecessor-version":[{"id":2737,"href":"https:\/\/jocsiesports.com\/index.php?rest_route=\/wp\/v2\/pages\/78\/revisions\/2737"}],"wp:attachment":[{"href":"https:\/\/jocsiesports.com\/index.php?rest_route=%2Fwp%2Fv2%2Fmedia&parent=78"}],"curies":[{"name":"wp","href":"https:\/\/api.w.org\/{rel}","templated":true}]}}