{"id":94,"date":"2021-03-23T19:33:44","date_gmt":"2021-03-23T19:33:44","guid":{"rendered":"https:\/\/jocsiesports.com\/?page_id=94"},"modified":"2025-04-03T18:38:54","modified_gmt":"2025-04-03T18:38:54","slug":"celebraciones","status":"publish","type":"page","link":"https:\/\/jocsiesports.com\/?page_id=94","title":{"rendered":"CELEBRACIONES"},"content":{"rendered":"\n<div id=\"section-g1cab06\" class=\"wp-block-gutentor-e1 section-g1cab06 gutentor-element gutentor-element-advanced-text\"><div class=\"gutentor-text-wrap\"><p class=\"gutentor-text\"><strong>MEN\u00daS DE CELEBRACIONES<\/strong><\/p><\/div><\/div>\n\n\n\n<section id=\"gmc2ee118\" class=\"wp-block-gutentor-m4 section-gmc2ee118 gutentor-module gutentor-advanced-columns\"><div class=\"grid-container\"><div class=\"grid-row\">\n<div id=\"col-gm358077\" class=\"wp-block-gutentor-m4-col col-gm358077 gutentor-single-column  grid-lg-6 grid-md-12 grid-12\"><div id=\"section-gm358077\" class=\"section-gm358077 gutentor-col-wrap\">\n<div id=\"section-g0f8885\" class=\"wp-block-gutentor-e6 section-g0f8885 gutentor-element gutentor-element-image\"><div class=\"gutentor-element-image-box\"><div class=\"gutentor-image-thumb\"><img decoding=\"async\" class=\"normal-image lazyload\" data-src=\"https:\/\/jocsiesports.com\/wp-content\/uploads\/2021\/12\/IMG_20211211_110712-scaled.jpg\" alt=\"pan-comida\" src=\"data:image\/svg+xml;base64,PHN2ZyB3aWR0aD0iMSIgaGVpZ2h0PSIxIiB4bWxucz0iaHR0cDovL3d3dy53My5vcmcvMjAwMC9zdmciPjwvc3ZnPg==\" style=\"--smush-placeholder-width: 2560px; --smush-placeholder-aspect-ratio: 2560\/1920;\" \/><\/div><\/div><\/div>\n<\/div><\/div>\n\n\n\n<div id=\"col-gm52d57f\" class=\"wp-block-gutentor-m4-col col-gm52d57f gutentor-single-column  grid-lg-6 grid-md-12 grid-12\"><div id=\"section-gm52d57f\" class=\"section-gm52d57f gutentor-col-wrap\">\n<div id=\"section-g5f7b3b\" class=\"wp-block-gutentor-e1 section-g5f7b3b gutentor-element gutentor-element-advanced-text\"><div class=\"gutentor-text-wrap\"><p class=\"gutentor-text\"><strong>Men\u00fa 1<\/strong><br><strong>7 \u20ac&nbsp;\/&nbsp;persona<\/strong><\/p><\/div><\/div>\n\n\n\n<div id=\"section-ga86066\" class=\"wp-block-gutentor-e1 section-ga86066 gutentor-element gutentor-element-advanced-text\"><div class=\"gutentor-text-wrap\"><p class=\"gutentor-text\">Consiste en :<br><br>Surtido de snacks<br>2\u00a0bocadillos (Queso semi\u00a0 y Nutella)<br>1 refresco<br>Pastel<br>Velas, decoraci\u00f3n, etc.<br><br>M\u00ednimo 10 comensales. <br>Max 1 hora de celebraci\u00f3n<\/p><\/div><\/div>\n<\/div><\/div>\n<\/div><\/div><\/section>\n\n\n\n<p><\/p>\n\n\n\n<section id=\"gma408bc6\" class=\"wp-block-gutentor-m4 section-gma408bc6 gutentor-module gutentor-advanced-columns\"><div class=\"grid-container\"><div class=\"grid-row\">\n<div id=\"col-gm9f876a\" class=\"wp-block-gutentor-m4-col col-gm9f876a gutentor-single-column  grid-lg-6 grid-md-12 grid-12\"><div id=\"section-gm9f876a\" class=\"section-gm9f876a gutentor-col-wrap\">\n<div id=\"section-gc80586\" class=\"wp-block-gutentor-e1 section-gc80586 gutentor-element gutentor-element-advanced-text\"><div class=\"gutentor-text-wrap\"><p class=\"gutentor-text\"><strong>Men\u00fa 2<\/strong><br><strong>8 \u20ac&nbsp;\/&nbsp;persona<\/strong><\/p><\/div><\/div>\n\n\n\n<div id=\"section-gc1793e\" class=\"wp-block-gutentor-e1 section-gc1793e gutentor-element gutentor-element-advanced-text\"><div class=\"gutentor-text-wrap\"><p class=\"gutentor-text\">Consiste en :<br><br>Olivas<br>Tortilla de patata con cebolla<br>Palitos<br>Fuet<br>1 Refresco<br><br>\u00a0* Opci\u00f3n Pan con tomate +1\u20ac<br><br>M\u00ednimo 10 comensales. Este men\u00fa va de 5 en 5.<br>Max 1 hora de celebraci\u00f3n<\/p><\/div><\/div>\n<\/div><\/div>\n\n\n\n<div id=\"col-gme37458\" class=\"wp-block-gutentor-m4-col col-gme37458 gutentor-single-column  grid-lg-6 grid-md-12 grid-12\"><div id=\"section-gme37458\" class=\"section-gme37458 gutentor-col-wrap\">\n<div id=\"section-ge9cfca\" class=\"wp-block-gutentor-e6 section-ge9cfca gutentor-element gutentor-element-image\"><div class=\"gutentor-element-image-box\"><div class=\"gutentor-image-thumb\"><img decoding=\"async\" class=\"normal-image lazyload\" data-src=\"https:\/\/jocsiesports.com\/wp-content\/uploads\/2021\/12\/Menu-picoteo-1-scaled.jpg\" alt=\"comida-tortilla\" src=\"data:image\/svg+xml;base64,PHN2ZyB3aWR0aD0iMSIgaGVpZ2h0PSIxIiB4bWxucz0iaHR0cDovL3d3dy53My5vcmcvMjAwMC9zdmciPjwvc3ZnPg==\" style=\"--smush-placeholder-width: 2560px; --smush-placeholder-aspect-ratio: 2560\/1927;\" \/><\/div><\/div><\/div>\n<\/div><\/div>\n<\/div><\/div><\/section>\n\n\n\n<p><\/p>\n\n\n\n<div id=\"section-g30fe30\" class=\"wp-block-gutentor-e1 section-g30fe30 gutentor-element gutentor-element-advanced-text text-align-center-desktop\"><div class=\"gutentor-text-wrap\"><p class=\"gutentor-text\">En la reserva de la actividad, hay que indicar si se quiere el pica pica y cuantos ser\u00e1n comiendo.<\/p><\/div><\/div>\n\n\n\n<section id=\"section-e0813e59-7604-4681-82d5-3946ddfe6736\" class=\"wp-block-gutentor-notification gutentor-section gutentor-notification\"><div class=\"grid-container\"><div class=\"gutentor-grid-item-wrap gutentor-notification-wrap gutentor-notification-success\"><div class=\"gutentor-single-item\"><div class=\"gutentor-single-item-content\"><h3 class=\"gutentor-single-item-title\">A tener en cuenta!<\/h3><p class=\"gutentor-single-item-desc\"><br>&#8211; Para hacer efectiva la reserva, tendr\u00e1s que hacer un Bizum\/Transferencia, al numero que te indiquemos<br>&#8211; Ten\u00e9is que estar en las instalaciones entre 15 \/ 30 min antes de la hora de la actividad<br>&#8211; El pago se realizar\u00e1 en efectivo en las instalaciones<br>&#8211; No esta permitida la entrada de comida ni bebida al recinto.<br><br>&#8211; <strong>Cambio de fecha:<\/strong> Se deber\u00e1 avisar con una antelaci\u00f3n de 48h a la fecha de la actividad.<br>&#8211; <strong>Devoluci\u00f3n paga y se\u00f1al:<\/strong> Esta ser\u00e1 devuelta, si se avisa con un m\u00ednimo de 48h a la fecha de la actividad.<br>&#8211; <strong>En caso de lluvia:<\/strong> Se cambiar\u00e1 la fecha de la actividad a otro d\u00eda.<\/p><\/div><\/div><\/div><\/div><\/section>\n\n\n\n<div id=\"section-g069495\" class=\"wp-block-gutentor-e1 section-g069495 gutentor-element gutentor-element-advanced-text\"><div class=\"gutentor-text-wrap\"><p class=\"gutentor-text\">OTROS CLIENTES TAMBI\u00c9N VISITARON<\/p><\/div><\/div>\n\n\n\n<section id=\"gm13255bf\" class=\"wp-block-gutentor-m2 section-gm13255bf gutentor-module gutentor-dynamic-columns\"><div class=\"grid-container\"><div class=\"grid-row\">\n<div id=\"col-gmd9ae75\" class=\"wp-block-gutentor-m2-col col-gmd9ae75 gutentor-module gutentor-dynamic-single-column grid-lg-4 grid-md-4 grid-12\"><div id=\"section-gmd9ae75\" class=\"section-gmd9ae75 gutentor-single-col\">\n<div id=\"section-gac994d\" class=\"wp-block-gutentor-e6 section-gac994d gutentor-element gutentor-element-image\"><div class=\"gutentor-element-image-box\"><div class=\"gutentor-image-thumb\"><img decoding=\"async\" class=\"normal-image lazyload\" data-src=\"https:\/\/jocsiesports.com\/wp-content\/uploads\/2021\/11\/paper-3309829_1920.jpg\" alt=\"manos-trabajo\" src=\"data:image\/svg+xml;base64,PHN2ZyB3aWR0aD0iMSIgaGVpZ2h0PSIxIiB4bWxucz0iaHR0cDovL3d3dy53My5vcmcvMjAwMC9zdmciPjwvc3ZnPg==\" style=\"--smush-placeholder-width: 1920px; --smush-placeholder-aspect-ratio: 1920\/1459;\" \/><\/div><\/div><\/div>\n\n\n\n<p><\/p>\n\n\n\n<div id=\"section-g9bdff6\" class=\"wp-block-gutentor-e1 section-g9bdff6 gutentor-element gutentor-element-advanced-text text-align-center-desktop\"><div class=\"gutentor-text-wrap\"><a class=\"gutentor-element-advanced-text-link\" href=\"https:\/\/jocsiesports.com\/?page_id=96\" target=\"_blank\" rel=\" noopener noreferrer\"><p class=\"gutentor-text\">TEAM BUILDING<\/p><\/a><\/div><\/div>\n<\/div><\/div>\n\n\n\n<div id=\"col-gm9b0595\" class=\"wp-block-gutentor-m2-col col-gm9b0595 gutentor-module gutentor-dynamic-single-column grid-lg-4 grid-md-4 grid-12\"><div id=\"section-gm9b0595\" class=\"section-gm9b0595 gutentor-single-col\">\n<div id=\"section-gb41267\" class=\"wp-block-gutentor-e6 section-gb41267 gutentor-element gutentor-element-image\"><div class=\"gutentor-element-image-box\"><div class=\"gutentor-image-thumb\"><img decoding=\"async\" class=\"normal-image lazyload\" data-src=\"https:\/\/jocsiesports.com\/wp-content\/uploads\/2021\/11\/IMG_20201219_105236-scaled.jpg\" alt=\"inflable-hierba\" src=\"data:image\/svg+xml;base64,PHN2ZyB3aWR0aD0iMSIgaGVpZ2h0PSIxIiB4bWxucz0iaHR0cDovL3d3dy53My5vcmcvMjAwMC9zdmciPjwvc3ZnPg==\" style=\"--smush-placeholder-width: 2560px; --smush-placeholder-aspect-ratio: 2560\/1766;\" \/><\/div><\/div><\/div>\n\n\n\n<p><\/p>\n\n\n\n<div id=\"section-g38b0ad\" class=\"wp-block-gutentor-e1 section-g38b0ad gutentor-element gutentor-element-advanced-text text-align-center-desktop\"><div class=\"gutentor-text-wrap\"><a class=\"gutentor-element-advanced-text-link\" href=\"https:\/\/jocsiesports.com\/?page_id=92\" target=\"_blank\" rel=\" noopener noreferrer\"><p class=\"gutentor-text\">SALIDAS<\/p><\/a><\/div><\/div>\n<\/div><\/div>\n\n\n\n<div id=\"col-gm2825d7\" class=\"wp-block-gutentor-m2-col col-gm2825d7 gutentor-module gutentor-dynamic-single-column grid-lg-4 grid-md-4 grid-12\"><div id=\"section-gm2825d7\" class=\"section-gm2825d7 gutentor-single-col\">\n<div id=\"section-g16c579\" class=\"wp-block-gutentor-e6 section-g16c579 gutentor-element gutentor-element-image\"><div class=\"gutentor-element-image-box\"><div class=\"gutentor-image-thumb\"><img decoding=\"async\" class=\"normal-image lazyload\" data-src=\"https:\/\/jocsiesports.com\/wp-content\/uploads\/2021\/08\/IMG_20210423_103333-scaled.jpg\" alt=\"arboles-mesas\" src=\"data:image\/svg+xml;base64,PHN2ZyB3aWR0aD0iMSIgaGVpZ2h0PSIxIiB4bWxucz0iaHR0cDovL3d3dy53My5vcmcvMjAwMC9zdmciPjwvc3ZnPg==\" style=\"--smush-placeholder-width: 2560px; --smush-placeholder-aspect-ratio: 2560\/1440;\" \/><\/div><\/div><\/div>\n\n\n\n<p><\/p>\n\n\n\n<div id=\"section-g5e49e0\" class=\"wp-block-gutentor-e1 section-g5e49e0 gutentor-element gutentor-element-advanced-text text-align-center-desktop\"><div class=\"gutentor-text-wrap\"><a class=\"gutentor-element-advanced-text-link\" href=\"https:\/\/jocsiesports.com\/?page_id=90\" target=\"_blank\" rel=\" noopener noreferrer\"><p class=\"gutentor-text\">INSTALACIONES<\/p><\/a><\/div><\/div>\n<\/div><\/div>\n<\/div><\/div><\/section>\n\n\n\n<p><\/p>\n\n\n\n<div id=\"section-gce3c1e\" class=\"wp-block-gutentor-e1 section-gce3c1e gutentor-element gutentor-element-advanced-text\"><div class=\"gutentor-text-wrap\"><p class=\"gutentor-text\">HORARIO Y PARTICIPANTES<\/p><\/div><\/div>\n\n\n\n<section id=\"section-7284c326-9494-4060-a714-bedf39961ad3\" class=\"wp-block-gutentor-opening-hours gutentor-section gutentor-opening-hours opening-hours-template1\"><div class=\"grid-container\"><div class=\"gutentor-block-header\"><div class=\"gutentor-section-title text-left\"><h2 class=\"gutentor-title\"><\/h2><\/div><\/div><div class=\"gutentor-grid-item-wrap\"><div class=\"gutentor-opening-hours-box\"><ul class=\"gutentor-opening-hours-wrapper\"><li class=\"gutentor-single-item gutentor-single-item-0\"><div class=\"gutentor-opening-hours-content\"><h3 class=\"gutentor-single-item-title\">De Lunes a S\u00e1bado (Horario Verano 15 Marzo-15 octubre)<\/h3><div class=\"gutentor-opening-hours-time-wrap\"><p class=\"gutentor-single-item-opening\">De 10h a 13.30h -16h a 19:30h<\/p><\/div><\/div><\/li><li class=\"gutentor-single-item gutentor-single-item-1\"><div class=\"gutentor-opening-hours-content\"><h3 class=\"gutentor-single-item-title\">Domingos<\/h3><div class=\"gutentor-opening-hours-time-wrap\"><p class=\"gutentor-single-item-opening\">10h a 13.30h.<\/p><\/div><\/div><\/li><li class=\"gutentor-single-item gutentor-single-item-2\"><div class=\"gutentor-opening-hours-content\"><h3 class=\"gutentor-single-item-title\">De Lunes a Domingo ( Horario Invierno 16 Octubre -14 Marzo)<\/h3><div class=\"gutentor-opening-hours-time-wrap\"><p class=\"gutentor-single-item-opening\">10h a 13.30h.<\/p><\/div><\/div><\/li><li class=\"gutentor-single-item gutentor-single-item-3\"><div class=\"gutentor-opening-hours-content\"><h3 class=\"gutentor-single-item-title\">Julio y Agosto<\/h3><div class=\"gutentor-opening-hours-time-wrap\"><p class=\"gutentor-single-item-opening\">10h a 13.30h.<\/p><\/div><\/div><\/li><li class=\"gutentor-single-item gutentor-single-item-4\"><div class=\"gutentor-opening-hours-content\"><h3 class=\"gutentor-single-item-title\">El m\u00ednimo de participantes ser\u00e1 de 10<\/h3><div class=\"gutentor-opening-hours-time-wrap\"><p class=\"gutentor-single-item-opening\"><\/p><\/div><\/div><\/li><\/ul><\/div><\/div><\/div><\/section>\n\n\n\n<p><\/p>\n\n\n\n<section id=\"gm6bc5830\" class=\"wp-block-gutentor-m4 section-gm6bc5830 gutentor-module gutentor-advanced-columns has-color-bg has-custom-bg\"><div class=\"grid-container\"><div class=\"grid-row\">\n<div id=\"col-gm2a4434\" class=\"wp-block-gutentor-m4-col col-gm2a4434 gutentor-single-column  grid-lg-4 grid-md-12 grid-12\"><div id=\"section-gm2a4434\" class=\"section-gm2a4434 gutentor-col-wrap\">\n<div id=\"section-g2c646d\" class=\"wp-block-gutentor-e1 section-g2c646d gutentor-element gutentor-element-advanced-text\"><div class=\"gutentor-text-wrap\"><p class=\"gutentor-text\"><strong>Tel\u00e9fono:&nbsp;<br><\/strong>647 40 66 94 &#8211; 647 40 66 92<\/p><\/div><\/div>\n<\/div><\/div>\n\n\n\n<div id=\"col-gmf08681\" class=\"wp-block-gutentor-m4-col col-gmf08681 gutentor-single-column  grid-lg-4 grid-md-12 grid-12\"><div id=\"section-gmf08681\" class=\"section-gmf08681 gutentor-col-wrap\">\n<div id=\"section-g9faa1e\" class=\"wp-block-gutentor-e1 section-g9faa1e gutentor-element gutentor-element-advanced-text\"><div class=\"gutentor-text-wrap\"><p class=\"gutentor-text\"><strong>Email:<br><\/strong><a href=\"mailto:reservas%40jocsiesports.com?subject=Informaci%C3%B3n%20%2F%20Reserva&amp;body=Informaci%C3%B3n%20%2F%20Reserva\">reservas@jocsiesports.com<\/a><\/p><\/div><\/div>\n<\/div><\/div>\n\n\n\n<div id=\"col-gm07dd02\" class=\"wp-block-gutentor-m4-col col-gm07dd02 gutentor-single-column  grid-lg-4 grid-md-12 grid-12\"><div id=\"section-gm07dd02\" class=\"section-gm07dd02 gutentor-col-wrap\">\n<div id=\"section-g57a235\" class=\"wp-block-gutentor-e1 section-g57a235 gutentor-element gutentor-element-advanced-text\"><div class=\"gutentor-text-wrap\"><p class=\"gutentor-text\"><strong>Direcci\u00f3n:&nbsp;<\/strong><br>Google Maps: Jocs i Esports <br><br>A 20km de Barcelona<strong><br><\/strong><\/p><\/div><\/div>\n<\/div><\/div>\n<\/div><\/div><\/section>\n\n\n\n<section id=\"gm0f4201c\" class=\"wp-block-gutentor-m4 section-gm0f4201c gutentor-module gutentor-advanced-columns has-color-bg has-custom-bg\"><div class=\"grid-container\"><div class=\"grid-row\">\n<div id=\"col-gmef1bcb\" class=\"wp-block-gutentor-m4-col col-gmef1bcb gutentor-single-column  grid-lg-3 grid-md-12 grid-12\"><div id=\"section-gmef1bcb\" class=\"section-gmef1bcb gutentor-col-wrap\">\n<div id=\"section-g64f5b9\" class=\"wp-block-gutentor-e6 section-g64f5b9 gutentor-element gutentor-element-image gutentor-enabled-width text-align-center-desktop\"><div class=\"gutentor-element-image-box\"><a class=\"gutentor-element-image-link\" href=\"https:\/\/www.instagram.com\/jocs_i_esports\/?hl=es\" target=\"_blank\" rel=\" noopener noreferrer\"><div class=\"gutentor-image-thumb\"><img decoding=\"async\" class=\"normal-image lazyload\" data-src=\"https:\/\/jocsiesports.com\/wp-content\/uploads\/2022\/01\/logo-insta-ok-150x150.jpg\" alt=\"logo\" src=\"data:image\/svg+xml;base64,PHN2ZyB3aWR0aD0iMSIgaGVpZ2h0PSIxIiB4bWxucz0iaHR0cDovL3d3dy53My5vcmcvMjAwMC9zdmciPjwvc3ZnPg==\" style=\"--smush-placeholder-width: 150px; --smush-placeholder-aspect-ratio: 150\/150;\" \/><\/div><\/a><\/div><\/div>\n<\/div><\/div>\n\n\n\n<div id=\"col-gm71d8cf\" class=\"wp-block-gutentor-m4-col col-gm71d8cf gutentor-single-column  grid-lg-3 grid-md-12 grid-12\"><div id=\"section-gm71d8cf\" class=\"section-gm71d8cf gutentor-col-wrap\">\n<div id=\"section-g6e2ad4\" class=\"wp-block-gutentor-e6 section-g6e2ad4 gutentor-element gutentor-element-image gutentor-enabled-width text-align-center-desktop\"><div class=\"gutentor-element-image-box\"><a class=\"gutentor-element-image-link\" href=\"https:\/\/www.facebook.com\/jocsiesports\" target=\"_blank\" rel=\" noopener noreferrer\"><div class=\"gutentor-image-thumb\"><img decoding=\"async\" class=\"normal-image lazyload\" data-src=\"https:\/\/jocsiesports.com\/wp-content\/uploads\/2022\/01\/logo-facebook-ok-150x150.jpg\" alt=\"logo\" src=\"data:image\/svg+xml;base64,PHN2ZyB3aWR0aD0iMSIgaGVpZ2h0PSIxIiB4bWxucz0iaHR0cDovL3d3dy53My5vcmcvMjAwMC9zdmciPjwvc3ZnPg==\" style=\"--smush-placeholder-width: 150px; --smush-placeholder-aspect-ratio: 150\/150;\" \/><\/div><\/a><\/div><\/div>\n<\/div><\/div>\n\n\n\n<div id=\"col-gm1f3453\" class=\"wp-block-gutentor-m4-col col-gm1f3453 gutentor-single-column  grid-lg-3 grid-md-12 grid-12\"><div id=\"section-gm1f3453\" class=\"section-gm1f3453 gutentor-col-wrap\">\n<div id=\"section-g905976\" class=\"wp-block-gutentor-e6 section-g905976 gutentor-element gutentor-element-image gutentor-enabled-width text-align-center-desktop\"><div class=\"gutentor-element-image-box\"><a class=\"gutentor-element-image-link\" href=\"https:\/\/www.tiktok.com\/@jocsiesports?lang=es\" target=\"_blank\" rel=\" noopener noreferrer\"><div class=\"gutentor-image-thumb\"><img decoding=\"async\" class=\"normal-image lazyload\" data-src=\"https:\/\/jocsiesports.com\/wp-content\/uploads\/2022\/01\/tik-tok-ok-150x150.jpg\" src=\"data:image\/svg+xml;base64,PHN2ZyB3aWR0aD0iMSIgaGVpZ2h0PSIxIiB4bWxucz0iaHR0cDovL3d3dy53My5vcmcvMjAwMC9zdmciPjwvc3ZnPg==\" style=\"--smush-placeholder-width: 150px; --smush-placeholder-aspect-ratio: 150\/150;\" \/><\/div><\/a><\/div><\/div>\n<\/div><\/div>\n\n\n\n<div id=\"col-gmf564f4\" class=\"wp-block-gutentor-m4-col col-gmf564f4 gutentor-single-column  grid-lg-3 grid-md-12 grid-12\"><div id=\"section-gmf564f4\" class=\"section-gmf564f4 gutentor-col-wrap\">\n<div id=\"section-g6fbb8b\" class=\"wp-block-gutentor-e6 section-g6fbb8b gutentor-element gutentor-element-image gutentor-enabled-width text-align-center-desktop\"><div class=\"gutentor-element-image-box\"><a class=\"gutentor-element-image-link\" href=\"https:\/\/www.youtube.com\/channel\/UCfHtURlDV6QtGsoHv4zE83Q\" target=\"_blank\" rel=\" noopener noreferrer\"><div class=\"gutentor-image-thumb\"><img decoding=\"async\" class=\"normal-image lazyload\" data-src=\"https:\/\/jocsiesports.com\/wp-content\/uploads\/2022\/01\/logo-youtube.jpg\" src=\"data:image\/svg+xml;base64,PHN2ZyB3aWR0aD0iMSIgaGVpZ2h0PSIxIiB4bWxucz0iaHR0cDovL3d3dy53My5vcmcvMjAwMC9zdmciPjwvc3ZnPg==\" style=\"--smush-placeholder-width: 269px; --smush-placeholder-aspect-ratio: 269\/188;\" \/><\/div><\/a><\/div><\/div>\n<\/div><\/div>\n<\/div><\/div><\/section>\n\n\n\n<p><\/p>\n","protected":false},"excerpt":{"rendered":"","protected":false},"author":1,"featured_media":0,"parent":0,"menu_order":0,"comment_status":"closed","ping_status":"closed","template":"","meta":{"footnotes":""},"class_list":["post-94","page","type-page","status-publish","hentry"],"_links":{"self":[{"href":"https:\/\/jocsiesports.com\/index.php?rest_route=\/wp\/v2\/pages\/94","targetHints":{"allow":["GET"]}}],"collection":[{"href":"https:\/\/jocsiesports.com\/index.php?rest_route=\/wp\/v2\/pages"}],"about":[{"href":"https:\/\/jocsiesports.com\/index.php?rest_route=\/wp\/v2\/types\/page"}],"author":[{"embeddable":true,"href":"https:\/\/jocsiesports.com\/index.php?rest_route=\/wp\/v2\/users\/1"}],"replies":[{"embeddable":true,"href":"https:\/\/jocsiesports.com\/index.php?rest_route=%2Fwp%2Fv2%2Fcomments&post=94"}],"version-history":[{"count":51,"href":"https:\/\/jocsiesports.com\/index.php?rest_route=\/wp\/v2\/pages\/94\/revisions"}],"predecessor-version":[{"id":2710,"href":"https:\/\/jocsiesports.com\/index.php?rest_route=\/wp\/v2\/pages\/94\/revisions\/2710"}],"wp:attachment":[{"href":"https:\/\/jocsiesports.com\/index.php?rest_route=%2Fwp%2Fv2%2Fmedia&parent=94"}],"curies":[{"name":"wp","href":"https:\/\/api.w.org\/{rel}","templated":true}]}}